{"id":10013,"date":"2024-05-28T12:18:05","date_gmt":"2024-05-28T12:18:05","guid":{"rendered":"https:\/\/termedimonticelli.it\/whistleblowing\/"},"modified":"2024-07-22T13:27:04","modified_gmt":"2024-07-22T13:27:04","slug":"whistleblowing","status":"publish","type":"page","link":"https:\/\/termedimonticelli.it\/de\/whistleblowing\/","title":{"rendered":"Whistleblowing"},"content":{"rendered":"\t\t<div data-elementor-type=\"wp-page\" data-elementor-id=\"10013\" class=\"elementor elementor-10013 elementor-5913\" data-elementor-post-type=\"page\">\n\t\t\t\t<div class=\"elementor-element elementor-element-133e83e1 e-flex e-con-boxed e-con e-parent\" data-id=\"133e83e1\" data-element_type=\"container\" data-e-type=\"container\" data-settings=\"{&quot;jet_parallax_layout_list&quot;:[]}\">\n\t\t\t\t\t<div class=\"e-con-inner\">\n\t\t\t\t<div class=\"elementor-element elementor-element-c8fa4f5 elementor-widget elementor-widget-spacer\" data-id=\"c8fa4f5\" data-element_type=\"widget\" data-e-type=\"widget\" data-widget_type=\"spacer.default\">\n\t\t\t\t<div class=\"elementor-widget-container\">\n\t\t\t\t\t\t\t<div class=\"elementor-spacer\">\n\t\t\t<div class=\"elementor-spacer-inner\"><\/div>\n\t\t<\/div>\n\t\t\t\t\t\t<\/div>\n\t\t\t\t<\/div>\n\t\t\t\t<div class=\"elementor-element elementor-element-697d30a elementor-widget elementor-widget-heading\" data-id=\"697d30a\" data-element_type=\"widget\" data-e-type=\"widget\" data-widget_type=\"heading.default\">\n\t\t\t\t<div class=\"elementor-widget-container\">\n\t\t\t\t\t<h2 class=\"elementor-heading-title elementor-size-default\">Whistleblowing<\/h2>\t\t\t\t<\/div>\n\t\t\t\t<\/div>\n\t\t\t\t<div class=\"elementor-element elementor-element-506522f6 elementor-widget elementor-widget-text-editor\" data-id=\"506522f6\" data-element_type=\"widget\" data-e-type=\"widget\" data-widget_type=\"text-editor.default\">\n\t\t\t\t<div class=\"elementor-widget-container\">\n\t\t\t\t\t\t\t\t\t<p>Die Terme di Monticelli S.p.A. hat schon immer darauf geachtet, Risiken zu vermeiden, die die verantwortungsvolle und nachhaltige F\u00fchrung ihres Unternehmens beeintr\u00e4chtigen k\u00f6nnten.<br \/>\nAus diesem Grund hat das Unternehmen ein Whistleblowing-Verfahren eingef\u00fchrt. <\/p>\n\t\t\t\t\t\t\t\t<\/div>\n\t\t\t\t<\/div>\n\t\t\t\t\t<\/div>\n\t\t\t\t<\/div>\n\t\t<div class=\"elementor-element elementor-element-919f769 e-flex e-con-boxed e-con e-parent\" data-id=\"919f769\" data-element_type=\"container\" data-e-type=\"container\" data-settings=\"{&quot;jet_parallax_layout_list&quot;:[]}\">\n\t\t\t\t\t<div class=\"e-con-inner\">\n\t\t<div class=\"elementor-element elementor-element-15f20c9 e-con-full e-flex e-con e-child\" data-id=\"15f20c9\" data-element_type=\"container\" data-e-type=\"container\" data-settings=\"{&quot;jet_parallax_layout_list&quot;:[]}\">\n\t\t\t\t<div class=\"elementor-element elementor-element-9657ad8 elementor-widget elementor-widget-button\" data-id=\"9657ad8\" data-element_type=\"widget\" data-e-type=\"widget\" data-widget_type=\"button.default\">\n\t\t\t\t<div class=\"elementor-widget-container\">\n\t\t\t\t\t\t\t\t\t<div class=\"elementor-button-wrapper\">\n\t\t\t\t\t<a class=\"elementor-button elementor-button-link elementor-size-sm\" href=\"https:\/\/termedimonticelli.wallbreakers.it\/\">\n\t\t\t\t\t\t<span class=\"elementor-button-content-wrapper\">\n\t\t\t\t\t\t\t\t\t<span class=\"elementor-button-text\">BERICHTE<\/span>\n\t\t\t\t\t<\/span>\n\t\t\t\t\t<\/a>\n\t\t\t\t<\/div>\n\t\t\t\t\t\t\t\t<\/div>\n\t\t\t\t<\/div>\n\t\t\t\t<\/div>\n\t\t<div class=\"elementor-element elementor-element-0fa183f e-con-full e-flex e-con e-child\" data-id=\"0fa183f\" data-element_type=\"container\" data-e-type=\"container\" data-settings=\"{&quot;jet_parallax_layout_list&quot;:[]}\">\n\t\t\t\t<div class=\"elementor-element elementor-element-095326c elementor-widget elementor-widget-button\" data-id=\"095326c\" data-element_type=\"widget\" data-e-type=\"widget\" data-widget_type=\"button.default\">\n\t\t\t\t<div class=\"elementor-widget-container\">\n\t\t\t\t\t\t\t\t\t<div class=\"elementor-button-wrapper\">\n\t\t\t\t\t<a class=\"elementor-button elementor-button-link elementor-size-sm\" href=\"https:\/\/termedimonticelli.it\/wp-content\/uploads\/2024\/05\/manuale_operativo_segnalante.pdf\">\n\t\t\t\t\t\t<span class=\"elementor-button-content-wrapper\">\n\t\t\t\t\t\t\t\t\t<span class=\"elementor-button-text\">BETRIEBSHANDBUCH<\/span>\n\t\t\t\t\t<\/span>\n\t\t\t\t\t<\/a>\n\t\t\t\t<\/div>\n\t\t\t\t\t\t\t\t<\/div>\n\t\t\t\t<\/div>\n\t\t\t\t<\/div>\n\t\t<div class=\"elementor-element elementor-element-4ecaeaf e-con-full e-flex e-con e-child\" data-id=\"4ecaeaf\" data-element_type=\"container\" data-e-type=\"container\" data-settings=\"{&quot;jet_parallax_layout_list&quot;:[]}\">\n\t\t\t\t<div class=\"elementor-element elementor-element-4311386 elementor-widget elementor-widget-button\" data-id=\"4311386\" data-element_type=\"widget\" data-e-type=\"widget\" data-widget_type=\"button.default\">\n\t\t\t\t<div class=\"elementor-widget-container\">\n\t\t\t\t\t\t\t\t\t<div class=\"elementor-button-wrapper\">\n\t\t\t\t\t<a class=\"elementor-button elementor-button-link elementor-size-sm\" href=\"https:\/\/termedimonticelli.it\/wp-content\/uploads\/2024\/05\/policy_whistleblowing.pdf\">\n\t\t\t\t\t\t<span class=\"elementor-button-content-wrapper\">\n\t\t\t\t\t\t\t\t\t<span class=\"elementor-button-text\">POLITIK<\/span>\n\t\t\t\t\t<\/span>\n\t\t\t\t\t<\/a>\n\t\t\t\t<\/div>\n\t\t\t\t\t\t\t\t<\/div>\n\t\t\t\t<\/div>\n\t\t\t\t<\/div>\n\t\t<div class=\"elementor-element elementor-element-45a600a e-con-full e-flex e-con e-child\" data-id=\"45a600a\" data-element_type=\"container\" data-e-type=\"container\" data-settings=\"{&quot;jet_parallax_layout_list&quot;:[]}\">\n\t\t\t\t<div class=\"elementor-element elementor-element-4670119 elementor-widget elementor-widget-button\" data-id=\"4670119\" data-element_type=\"widget\" data-e-type=\"widget\" data-widget_type=\"button.default\">\n\t\t\t\t<div class=\"elementor-widget-container\">\n\t\t\t\t\t\t\t\t\t<div class=\"elementor-button-wrapper\">\n\t\t\t\t\t<a class=\"elementor-button elementor-button-link elementor-size-sm\" href=\"https:\/\/termedimonticelli.it\/wp-content\/uploads\/2024\/05\/informativa_whistleblowing_segnalanti.pdf\">\n\t\t\t\t\t\t<span class=\"elementor-button-content-wrapper\">\n\t\t\t\t\t\t\t\t\t<span class=\"elementor-button-text\">INFORMATIVER BERICHT<\/span>\n\t\t\t\t\t<\/span>\n\t\t\t\t\t<\/a>\n\t\t\t\t<\/div>\n\t\t\t\t\t\t\t\t<\/div>\n\t\t\t\t<\/div>\n\t\t\t\t<\/div>\n\t\t\t\t\t<\/div>\n\t\t\t\t<\/div>\n\t\t<div class=\"elementor-element elementor-element-800c636 e-flex e-con-boxed e-con e-parent\" data-id=\"800c636\" data-element_type=\"container\" data-e-type=\"container\" data-settings=\"{&quot;jet_parallax_layout_list&quot;:[]}\">\n\t\t\t\t\t<div class=\"e-con-inner\">\n\t\t\t\t<div class=\"elementor-element elementor-element-b6fed61 premium-video__glow-none elementor-widget elementor-widget-premium-addon-video-box\" data-id=\"b6fed61\" data-element_type=\"widget\" data-e-type=\"widget\" data-settings=\"{&quot;premium_video_box_video_type&quot;:&quot;youtube&quot;,&quot;aspect_ratio&quot;:&quot;169&quot;}\" data-widget_type=\"premium-addon-video-box.default\">\n\t\t\t\t<div class=\"elementor-widget-container\">\n\t\t\t\t\t\n\n\t\t\n\t\t\t\t\t<div id=\"premium-video-box-container-b6fed61\" class=\"premium-video-box-container\" data-overlay=\"true\" data-type=\"youtube\" data-thumbnail=\"1\" data-hover=\"none\">\n\t\t\t\t<div  >\n\t\t\t\t\t\n\t\t\t\t\t<div class=\"premium-video-box-inner-wrap\" data-video-animation=\" animated-\" data-delay-animation=\"\">\n\t\t\t\t\t\t<div data-src=\"https:\/\/www.youtube-nocookie.com\/embed\/05qWallX-c4?feature=oembed&amp;rel=0&amp;mute=0&amp;loop=0&amp;controls=1&amp;playsinline=0&amp;cc_load_policy=0\" class=\"premium-video-box-video-container\">\n\t\t\t\t\t\t\t\n\t\t\t\t\t\t\t\t\t\t\t\t\t<\/div>\n\t\t\t\t\t\t\t<div style=\"background-image:url(&#039;https:\/\/termedimonticelli.it\/wp-content\/uploads\/2024\/05\/wisthleblowing.jpg&#039;)\" class=\"premium-video-box-image-container none\"><\/div>\n\t\t\t\t\t\t\t\t\t\t\t\t\t\t\t\t\t\t\t\t\t\t\t\t\t\t\t<div class=\"premium-video-box-play-icon-container\">\n\t\t\t\t\t\t\t\t<svg class=\"premium-video-box-play-icon e-font-icon-svg e-fas-play\" aria-hidden=\"true\" viewBox=\"0 0 448 512\" xmlns=\"http:\/\/www.w3.org\/2000\/svg\"><path d=\"M424.4 214.7L72.4 6.6C43.8-10.3 0 6.1 0 47.9V464c0 37.5 40.7 60.1 72.4 41.3l352-208c31.4-18.5 31.5-64.1 0-82.6z\"><\/path><\/svg>\t\t\t\t\t\t\t<\/div>\n\t\t\t\t\t\t\t\t\t\t\t\t\t\t\t\t\t<\/div>\n\n\t\t\t\t<\/div>\n\t\t\t<\/div>\n\t\t\n\t\t\t\t\t\t<\/div>\n\t\t\t\t<\/div>\n\t\t\t\t\t<\/div>\n\t\t\t\t<\/div>\n\t\t\t\t<\/div>\n\t\t","protected":false},"excerpt":{"rendered":"<p>Whistleblowing Die Terme di Monticelli S.p.A. hat schon immer darauf geachtet, Risiken zu vermeiden, die die verantwortungsvolle und nachhaltige F\u00fchrung ihres Unternehmens beeintr\u00e4chtigen k\u00f6nnten. Aus diesem Grund hat das Unternehmen ein Whistleblowing-Verfahren eingef\u00fchrt. BERICHTE BETRIEBSHANDBUCH POLITIK INFORMATIVER BERICHT<\/p>\n","protected":false},"author":1,"featured_media":0,"parent":0,"menu_order":0,"comment_status":"closed","ping_status":"closed","template":"","meta":{"_acf_changed":false,"inline_featured_image":false,"footnotes":""},"categories":[],"tags":[],"class_list":["post-10013","page","type-page","status-publish","hentry"],"acf":[],"yoast_head":"<!-- This site is optimized with the Yoast SEO plugin v27.3 - https:\/\/yoast.com\/product\/yoast-seo-wordpress\/ -->\n<title>Whistleblowing - Terme di Monticelli<\/title>\n<meta name=\"description\" content=\"Informieren Sie sich \u00fcber das Whistleblowing-Verfahren der Terme di Monticelli.\" \/>\n<meta name=\"robots\" content=\"index, follow, max-snippet:-1, max-image-preview:large, max-video-preview:-1\" \/>\n<link rel=\"canonical\" href=\"https:\/\/termedimonticelli.it\/de\/whistleblowing\/\" \/>\n<meta property=\"og:locale\" content=\"de_DE\" \/>\n<meta property=\"og:type\" content=\"article\" \/>\n<meta property=\"og:title\" content=\"Whistleblowing - Terme di Monticelli\" \/>\n<meta property=\"og:description\" content=\"Informieren Sie sich \u00fcber das Whistleblowing-Verfahren der Terme di Monticelli.\" \/>\n<meta property=\"og:url\" content=\"https:\/\/termedimonticelli.it\/de\/whistleblowing\/\" \/>\n<meta property=\"og:site_name\" content=\"Terme di Monticelli\" \/>\n<meta property=\"article:publisher\" content=\"https:\/\/www.facebook.com\/TermeDiMonticelli\/\" \/>\n<meta property=\"article:modified_time\" content=\"2024-07-22T13:27:04+00:00\" \/>\n<meta name=\"twitter:card\" content=\"summary_large_image\" \/>\n<script type=\"application\/ld+json\" class=\"yoast-schema-graph\">{\"@context\":\"https:\\\/\\\/schema.org\",\"@graph\":[{\"@type\":\"WebPage\",\"@id\":\"https:\\\/\\\/termedimonticelli.it\\\/de\\\/whistleblowing\\\/\",\"url\":\"https:\\\/\\\/termedimonticelli.it\\\/de\\\/whistleblowing\\\/\",\"name\":\"Whistleblowing - Terme di Monticelli\",\"isPartOf\":{\"@id\":\"https:\\\/\\\/termedimonticelli.it\\\/de\\\/#website\"},\"datePublished\":\"2024-05-28T12:18:05+00:00\",\"dateModified\":\"2024-07-22T13:27:04+00:00\",\"description\":\"Informieren Sie sich \u00fcber das Whistleblowing-Verfahren der Terme di Monticelli.\",\"breadcrumb\":{\"@id\":\"https:\\\/\\\/termedimonticelli.it\\\/de\\\/whistleblowing\\\/#breadcrumb\"},\"inLanguage\":\"de\",\"potentialAction\":[{\"@type\":\"ReadAction\",\"target\":[\"https:\\\/\\\/termedimonticelli.it\\\/de\\\/whistleblowing\\\/\"]}]},{\"@type\":\"BreadcrumbList\",\"@id\":\"https:\\\/\\\/termedimonticelli.it\\\/de\\\/whistleblowing\\\/#breadcrumb\",\"itemListElement\":[{\"@type\":\"ListItem\",\"position\":1,\"name\":\"Home\",\"item\":\"https:\\\/\\\/termedimonticelli.it\\\/\"},{\"@type\":\"ListItem\",\"position\":2,\"name\":\"Whistleblowing\"}]},{\"@type\":\"WebSite\",\"@id\":\"https:\\\/\\\/termedimonticelli.it\\\/de\\\/#website\",\"url\":\"https:\\\/\\\/termedimonticelli.it\\\/de\\\/\",\"name\":\"Terme di Monticelli\",\"description\":\"Terme di Monticelli\",\"potentialAction\":[{\"@type\":\"SearchAction\",\"target\":{\"@type\":\"EntryPoint\",\"urlTemplate\":\"https:\\\/\\\/termedimonticelli.it\\\/de\\\/?s={search_term_string}\"},\"query-input\":{\"@type\":\"PropertyValueSpecification\",\"valueRequired\":true,\"valueName\":\"search_term_string\"}}],\"inLanguage\":\"de\"}]}<\/script>\n<!-- \/ Yoast SEO plugin. -->","yoast_head_json":{"title":"Whistleblowing - Terme di Monticelli","description":"Informieren Sie sich \u00fcber das Whistleblowing-Verfahren der Terme di Monticelli.","robots":{"index":"index","follow":"follow","max-snippet":"max-snippet:-1","max-image-preview":"max-image-preview:large","max-video-preview":"max-video-preview:-1"},"canonical":"https:\/\/termedimonticelli.it\/de\/whistleblowing\/","og_locale":"de_DE","og_type":"article","og_title":"Whistleblowing - Terme di Monticelli","og_description":"Informieren Sie sich \u00fcber das Whistleblowing-Verfahren der Terme di Monticelli.","og_url":"https:\/\/termedimonticelli.it\/de\/whistleblowing\/","og_site_name":"Terme di Monticelli","article_publisher":"https:\/\/www.facebook.com\/TermeDiMonticelli\/","article_modified_time":"2024-07-22T13:27:04+00:00","twitter_card":"summary_large_image","schema":{"@context":"https:\/\/schema.org","@graph":[{"@type":"WebPage","@id":"https:\/\/termedimonticelli.it\/de\/whistleblowing\/","url":"https:\/\/termedimonticelli.it\/de\/whistleblowing\/","name":"Whistleblowing - Terme di Monticelli","isPartOf":{"@id":"https:\/\/termedimonticelli.it\/de\/#website"},"datePublished":"2024-05-28T12:18:05+00:00","dateModified":"2024-07-22T13:27:04+00:00","description":"Informieren Sie sich \u00fcber das Whistleblowing-Verfahren der Terme di Monticelli.","breadcrumb":{"@id":"https:\/\/termedimonticelli.it\/de\/whistleblowing\/#breadcrumb"},"inLanguage":"de","potentialAction":[{"@type":"ReadAction","target":["https:\/\/termedimonticelli.it\/de\/whistleblowing\/"]}]},{"@type":"BreadcrumbList","@id":"https:\/\/termedimonticelli.it\/de\/whistleblowing\/#breadcrumb","itemListElement":[{"@type":"ListItem","position":1,"name":"Home","item":"https:\/\/termedimonticelli.it\/"},{"@type":"ListItem","position":2,"name":"Whistleblowing"}]},{"@type":"WebSite","@id":"https:\/\/termedimonticelli.it\/de\/#website","url":"https:\/\/termedimonticelli.it\/de\/","name":"Terme di Monticelli","description":"Terme di Monticelli","potentialAction":[{"@type":"SearchAction","target":{"@type":"EntryPoint","urlTemplate":"https:\/\/termedimonticelli.it\/de\/?s={search_term_string}"},"query-input":{"@type":"PropertyValueSpecification","valueRequired":true,"valueName":"search_term_string"}}],"inLanguage":"de"}]}},"jetpack_sharing_enabled":true,"_links":{"self":[{"href":"https:\/\/termedimonticelli.it\/de\/wp-json\/wp\/v2\/pages\/10013","targetHints":{"allow":["GET"]}}],"collection":[{"href":"https:\/\/termedimonticelli.it\/de\/wp-json\/wp\/v2\/pages"}],"about":[{"href":"https:\/\/termedimonticelli.it\/de\/wp-json\/wp\/v2\/types\/page"}],"author":[{"embeddable":true,"href":"https:\/\/termedimonticelli.it\/de\/wp-json\/wp\/v2\/users\/1"}],"replies":[{"embeddable":true,"href":"https:\/\/termedimonticelli.it\/de\/wp-json\/wp\/v2\/comments?post=10013"}],"version-history":[{"count":2,"href":"https:\/\/termedimonticelli.it\/de\/wp-json\/wp\/v2\/pages\/10013\/revisions"}],"predecessor-version":[{"id":10017,"href":"https:\/\/termedimonticelli.it\/de\/wp-json\/wp\/v2\/pages\/10013\/revisions\/10017"}],"wp:attachment":[{"href":"https:\/\/termedimonticelli.it\/de\/wp-json\/wp\/v2\/media?parent=10013"}],"wp:term":[{"taxonomy":"category","embeddable":true,"href":"https:\/\/termedimonticelli.it\/de\/wp-json\/wp\/v2\/categories?post=10013"},{"taxonomy":"post_tag","embeddable":true,"href":"https:\/\/termedimonticelli.it\/de\/wp-json\/wp\/v2\/tags?post=10013"}],"curies":[{"name":"wp","href":"https:\/\/api.w.org\/{rel}","templated":true}]}}