{"id":10077,"date":"2024-05-15T23:05:33","date_gmt":"2024-05-15T21:05:33","guid":{"rendered":"https:\/\/termedimonticelli.it\/wasserweg\/"},"modified":"2024-07-26T06:57:06","modified_gmt":"2024-07-26T06:57:06","slug":"wasserweg","status":"publish","type":"page","link":"https:\/\/termedimonticelli.it\/de\/thermalbaeder\/taegliche-routen\/wasserweg\/","title":{"rendered":"Wasserweg"},"content":{"rendered":"\t\t<div data-elementor-type=\"wp-page\" data-elementor-id=\"10077\" class=\"elementor elementor-10077 elementor-2377\" data-elementor-post-type=\"page\">\n\t\t\t\t<div class=\"elementor-element elementor-element-694e87eb e-flex e-con-boxed e-con e-parent\" data-id=\"694e87eb\" data-element_type=\"container\" data-e-type=\"container\" data-settings=\"{&quot;jet_parallax_layout_list&quot;:[]}\">\n\t\t\t\t\t<div class=\"e-con-inner\">\n\t\t\t\t<div class=\"elementor-element elementor-element-6a5f1742 elementor-widget elementor-widget-text-editor\" data-id=\"6a5f1742\" data-element_type=\"widget\" data-e-type=\"widget\" data-widget_type=\"text-editor.default\">\n\t\t\t\t<div class=\"elementor-widget-container\">\n\t\t\t\t\t\t\t\t\t<p>Der Perco Acqua umfasst:<\/p>\n<ul>\n<li><strong>T\u00e4glicher Eintritt<\/strong> (10 bis 19 Uhr) in unsere Thermalbecken mit unterschiedlichen Temperaturen (30\u00b0 bis 34\u00b0) mit Whirlpools, Hydrobikes und Wasserf\u00e4llen;<\/li>\n<li>freier Zugang zum Bereich mit Saunen, t\u00fcrkischen B\u00e4dern, Essenztepidarium und Duschen mit verschiedenen Temperaturen;<\/li>\n<li>zwei Panoramasolarien (im Sommer);<\/li>\n<li>Fitnessraum ausgestattet mit Technogym;<\/li>\n<\/ul>\n<div> <\/div>\n<div> <\/div>\n<p><strong><br \/><\/strong><br \/>P<strong>reise<\/strong>Erwachsene: \u20ac 20,00 (Montag-Freitag) &#8211; \u20ac 30,00 (Samstag, Sonntag, Feiertage und gesetzliche Feiertage) Kinder bis 12 Jahre: \u20ac 16,00 (Montag-Freitag) &#8211; \u20ac 30,00 (Samstag, Sonntag, Feiertage und gesetzliche Feiertage)<strong><\/strong><\/p>\n<p>A<strong>bonnements<\/strong> 20 Eintritte \u20ac 330 10 Eintritte \u20ac 180<\/p>\n<p><em>Keine Reservierung erforderlich.<\/em><\/p>\n\t\t\t\t\t\t\t\t<\/div>\n\t\t\t\t<\/div>\n\t\t\t\t\t<\/div>\n\t\t\t\t<\/div>\n\t\t\t\t<\/div>\n\t\t","protected":false},"excerpt":{"rendered":"<p>Der Percorso Acqua ist die klassische Wahl f\u00fcr diejenigen, die einen ganzen Tag Wellness in den Terme di Monticelli genie\u00dfen m\u00f6chten.<br \/>\nMit dem Eintritt in unsere vier Thermalbecken und dem Zugang zu den Saunen, dem t\u00fcrkischen Bad, dem Tepidarium und dem Fitnessraum bietet der Percorso Acqua ein umfassendes Erlebnis der Entspannung und Regeneration.<br \/>\nTauchen Sie ein in die Wohltaten unseres Salso-Brom-Jod-Wassers und genie\u00dfen Sie einen Tag, der ganz Ihrem Wohlbefinden gewidmet ist.    <\/p>\n","protected":false},"author":1,"featured_media":9028,"parent":10309,"menu_order":3,"comment_status":"closed","ping_status":"closed","template":"","meta":{"_acf_changed":false,"inline_featured_image":false,"footnotes":""},"categories":[],"tags":[],"class_list":["post-10077","page","type-page","status-publish","has-post-thumbnail","hentry"],"acf":[],"yoast_head":"<!-- This site is optimized with the Yoast SEO plugin v27.3 - https:\/\/yoast.com\/product\/yoast-seo-wordpress\/ -->\n<title>Wasserweg - Terme di Monticelli<\/title>\n<meta name=\"description\" content=\"Eintritt in die Monticelli-Thermen mit freier Nutzung der Thermalbecken, des 4000 m2 gro\u00dfen Wellnessbereichs, des Fitnessraums und des Solariums. Entdecken Sie die Preise!\" \/>\n<meta name=\"robots\" content=\"index, follow, max-snippet:-1, max-image-preview:large, max-video-preview:-1\" \/>\n<link rel=\"canonical\" href=\"https:\/\/termedimonticelli.it\/de\/thermalbaeder\/taegliche-routen\/wasserweg\/\" \/>\n<meta property=\"og:locale\" content=\"de_DE\" \/>\n<meta property=\"og:type\" content=\"article\" \/>\n<meta property=\"og:title\" content=\"Wasserweg - Terme di Monticelli\" \/>\n<meta property=\"og:description\" content=\"Eintritt in die Monticelli-Thermen mit freier Nutzung der Thermalbecken, des 4000 m2 gro\u00dfen Wellnessbereichs, des Fitnessraums und des Solariums. Entdecken Sie die Preise!\" \/>\n<meta property=\"og:url\" content=\"https:\/\/termedimonticelli.it\/de\/thermalbaeder\/taegliche-routen\/wasserweg\/\" \/>\n<meta property=\"og:site_name\" content=\"Terme di Monticelli\" \/>\n<meta property=\"article:publisher\" content=\"https:\/\/www.facebook.com\/TermeDiMonticelli\/\" \/>\n<meta property=\"article:modified_time\" content=\"2024-07-26T06:57:06+00:00\" \/>\n<meta property=\"og:image\" content=\"https:\/\/termedimonticelli.it\/wp-content\/uploads\/2024\/05\/idromassaggio-piscina-area-matisse-terme-di-monticelli.jpg\" \/>\n\t<meta property=\"og:image:width\" content=\"1920\" \/>\n\t<meta property=\"og:image:height\" content=\"1280\" \/>\n\t<meta property=\"og:image:type\" content=\"image\/jpeg\" \/>\n<meta name=\"twitter:card\" content=\"summary_large_image\" \/>\n<script type=\"application\/ld+json\" class=\"yoast-schema-graph\">{\"@context\":\"https:\\\/\\\/schema.org\",\"@graph\":[{\"@type\":\"WebPage\",\"@id\":\"https:\\\/\\\/termedimonticelli.it\\\/de\\\/thermalbaeder\\\/taegliche-routen\\\/wasserweg\\\/\",\"url\":\"https:\\\/\\\/termedimonticelli.it\\\/de\\\/thermalbaeder\\\/taegliche-routen\\\/wasserweg\\\/\",\"name\":\"Wasserweg - Terme di Monticelli\",\"isPartOf\":{\"@id\":\"https:\\\/\\\/termedimonticelli.it\\\/de\\\/#website\"},\"primaryImageOfPage\":{\"@id\":\"https:\\\/\\\/termedimonticelli.it\\\/de\\\/thermalbaeder\\\/taegliche-routen\\\/wasserweg\\\/#primaryimage\"},\"image\":{\"@id\":\"https:\\\/\\\/termedimonticelli.it\\\/de\\\/thermalbaeder\\\/taegliche-routen\\\/wasserweg\\\/#primaryimage\"},\"thumbnailUrl\":\"https:\\\/\\\/termedimonticelli.it\\\/wp-content\\\/uploads\\\/2024\\\/05\\\/idromassaggio-piscina-area-matisse-terme-di-monticelli.jpg\",\"datePublished\":\"2024-05-15T21:05:33+00:00\",\"dateModified\":\"2024-07-26T06:57:06+00:00\",\"description\":\"Eintritt in die Monticelli-Thermen mit freier Nutzung der Thermalbecken, des 4000 m2 gro\u00dfen Wellnessbereichs, des Fitnessraums und des Solariums. Entdecken Sie die Preise!\",\"breadcrumb\":{\"@id\":\"https:\\\/\\\/termedimonticelli.it\\\/de\\\/thermalbaeder\\\/taegliche-routen\\\/wasserweg\\\/#breadcrumb\"},\"inLanguage\":\"de\",\"potentialAction\":[{\"@type\":\"ReadAction\",\"target\":[\"https:\\\/\\\/termedimonticelli.it\\\/de\\\/thermalbaeder\\\/taegliche-routen\\\/wasserweg\\\/\"]}]},{\"@type\":\"ImageObject\",\"inLanguage\":\"de\",\"@id\":\"https:\\\/\\\/termedimonticelli.it\\\/de\\\/thermalbaeder\\\/taegliche-routen\\\/wasserweg\\\/#primaryimage\",\"url\":\"https:\\\/\\\/termedimonticelli.it\\\/wp-content\\\/uploads\\\/2024\\\/05\\\/idromassaggio-piscina-area-matisse-terme-di-monticelli.jpg\",\"contentUrl\":\"https:\\\/\\\/termedimonticelli.it\\\/wp-content\\\/uploads\\\/2024\\\/05\\\/idromassaggio-piscina-area-matisse-terme-di-monticelli.jpg\",\"width\":1920,\"height\":1280},{\"@type\":\"BreadcrumbList\",\"@id\":\"https:\\\/\\\/termedimonticelli.it\\\/de\\\/thermalbaeder\\\/taegliche-routen\\\/wasserweg\\\/#breadcrumb\",\"itemListElement\":[{\"@type\":\"ListItem\",\"position\":1,\"name\":\"Home\",\"item\":\"https:\\\/\\\/termedimonticelli.it\\\/\"},{\"@type\":\"ListItem\",\"position\":2,\"name\":\"Thermalb\u00e4der\",\"item\":\"https:\\\/\\\/termedimonticelli.it\\\/piscine-termali\\\/\"},{\"@type\":\"ListItem\",\"position\":3,\"name\":\"T\u00e4gliche Routen\",\"item\":\"https:\\\/\\\/termedimonticelli.it\\\/piscine-termali\\\/percorsi-giornalieri\\\/\"},{\"@type\":\"ListItem\",\"position\":4,\"name\":\"Wasserweg\"}]},{\"@type\":\"WebSite\",\"@id\":\"https:\\\/\\\/termedimonticelli.it\\\/de\\\/#website\",\"url\":\"https:\\\/\\\/termedimonticelli.it\\\/de\\\/\",\"name\":\"Terme di Monticelli\",\"description\":\"Terme di Monticelli\",\"potentialAction\":[{\"@type\":\"SearchAction\",\"target\":{\"@type\":\"EntryPoint\",\"urlTemplate\":\"https:\\\/\\\/termedimonticelli.it\\\/de\\\/?s={search_term_string}\"},\"query-input\":{\"@type\":\"PropertyValueSpecification\",\"valueRequired\":true,\"valueName\":\"search_term_string\"}}],\"inLanguage\":\"de\"}]}<\/script>\n<!-- \/ Yoast SEO plugin. -->","yoast_head_json":{"title":"Wasserweg - Terme di Monticelli","description":"Eintritt in die Monticelli-Thermen mit freier Nutzung der Thermalbecken, des 4000 m2 gro\u00dfen Wellnessbereichs, des Fitnessraums und des Solariums. Entdecken Sie die Preise!","robots":{"index":"index","follow":"follow","max-snippet":"max-snippet:-1","max-image-preview":"max-image-preview:large","max-video-preview":"max-video-preview:-1"},"canonical":"https:\/\/termedimonticelli.it\/de\/thermalbaeder\/taegliche-routen\/wasserweg\/","og_locale":"de_DE","og_type":"article","og_title":"Wasserweg - Terme di Monticelli","og_description":"Eintritt in die Monticelli-Thermen mit freier Nutzung der Thermalbecken, des 4000 m2 gro\u00dfen Wellnessbereichs, des Fitnessraums und des Solariums. Entdecken Sie die Preise!","og_url":"https:\/\/termedimonticelli.it\/de\/thermalbaeder\/taegliche-routen\/wasserweg\/","og_site_name":"Terme di Monticelli","article_publisher":"https:\/\/www.facebook.com\/TermeDiMonticelli\/","article_modified_time":"2024-07-26T06:57:06+00:00","og_image":[{"width":1920,"height":1280,"url":"https:\/\/termedimonticelli.it\/wp-content\/uploads\/2024\/05\/idromassaggio-piscina-area-matisse-terme-di-monticelli.jpg","type":"image\/jpeg"}],"twitter_card":"summary_large_image","schema":{"@context":"https:\/\/schema.org","@graph":[{"@type":"WebPage","@id":"https:\/\/termedimonticelli.it\/de\/thermalbaeder\/taegliche-routen\/wasserweg\/","url":"https:\/\/termedimonticelli.it\/de\/thermalbaeder\/taegliche-routen\/wasserweg\/","name":"Wasserweg - Terme di Monticelli","isPartOf":{"@id":"https:\/\/termedimonticelli.it\/de\/#website"},"primaryImageOfPage":{"@id":"https:\/\/termedimonticelli.it\/de\/thermalbaeder\/taegliche-routen\/wasserweg\/#primaryimage"},"image":{"@id":"https:\/\/termedimonticelli.it\/de\/thermalbaeder\/taegliche-routen\/wasserweg\/#primaryimage"},"thumbnailUrl":"https:\/\/termedimonticelli.it\/wp-content\/uploads\/2024\/05\/idromassaggio-piscina-area-matisse-terme-di-monticelli.jpg","datePublished":"2024-05-15T21:05:33+00:00","dateModified":"2024-07-26T06:57:06+00:00","description":"Eintritt in die Monticelli-Thermen mit freier Nutzung der Thermalbecken, des 4000 m2 gro\u00dfen Wellnessbereichs, des Fitnessraums und des Solariums. Entdecken Sie die Preise!","breadcrumb":{"@id":"https:\/\/termedimonticelli.it\/de\/thermalbaeder\/taegliche-routen\/wasserweg\/#breadcrumb"},"inLanguage":"de","potentialAction":[{"@type":"ReadAction","target":["https:\/\/termedimonticelli.it\/de\/thermalbaeder\/taegliche-routen\/wasserweg\/"]}]},{"@type":"ImageObject","inLanguage":"de","@id":"https:\/\/termedimonticelli.it\/de\/thermalbaeder\/taegliche-routen\/wasserweg\/#primaryimage","url":"https:\/\/termedimonticelli.it\/wp-content\/uploads\/2024\/05\/idromassaggio-piscina-area-matisse-terme-di-monticelli.jpg","contentUrl":"https:\/\/termedimonticelli.it\/wp-content\/uploads\/2024\/05\/idromassaggio-piscina-area-matisse-terme-di-monticelli.jpg","width":1920,"height":1280},{"@type":"BreadcrumbList","@id":"https:\/\/termedimonticelli.it\/de\/thermalbaeder\/taegliche-routen\/wasserweg\/#breadcrumb","itemListElement":[{"@type":"ListItem","position":1,"name":"Home","item":"https:\/\/termedimonticelli.it\/"},{"@type":"ListItem","position":2,"name":"Thermalb\u00e4der","item":"https:\/\/termedimonticelli.it\/piscine-termali\/"},{"@type":"ListItem","position":3,"name":"T\u00e4gliche Routen","item":"https:\/\/termedimonticelli.it\/piscine-termali\/percorsi-giornalieri\/"},{"@type":"ListItem","position":4,"name":"Wasserweg"}]},{"@type":"WebSite","@id":"https:\/\/termedimonticelli.it\/de\/#website","url":"https:\/\/termedimonticelli.it\/de\/","name":"Terme di Monticelli","description":"Terme di Monticelli","potentialAction":[{"@type":"SearchAction","target":{"@type":"EntryPoint","urlTemplate":"https:\/\/termedimonticelli.it\/de\/?s={search_term_string}"},"query-input":{"@type":"PropertyValueSpecification","valueRequired":true,"valueName":"search_term_string"}}],"inLanguage":"de"}]}},"jetpack_sharing_enabled":true,"_links":{"self":[{"href":"https:\/\/termedimonticelli.it\/de\/wp-json\/wp\/v2\/pages\/10077","targetHints":{"allow":["GET"]}}],"collection":[{"href":"https:\/\/termedimonticelli.it\/de\/wp-json\/wp\/v2\/pages"}],"about":[{"href":"https:\/\/termedimonticelli.it\/de\/wp-json\/wp\/v2\/types\/page"}],"author":[{"embeddable":true,"href":"https:\/\/termedimonticelli.it\/de\/wp-json\/wp\/v2\/users\/1"}],"replies":[{"embeddable":true,"href":"https:\/\/termedimonticelli.it\/de\/wp-json\/wp\/v2\/comments?post=10077"}],"version-history":[{"count":4,"href":"https:\/\/termedimonticelli.it\/de\/wp-json\/wp\/v2\/pages\/10077\/revisions"}],"predecessor-version":[{"id":10844,"href":"https:\/\/termedimonticelli.it\/de\/wp-json\/wp\/v2\/pages\/10077\/revisions\/10844"}],"up":[{"embeddable":true,"href":"https:\/\/termedimonticelli.it\/de\/wp-json\/wp\/v2\/pages\/10309"}],"wp:featuredmedia":[{"embeddable":true,"href":"https:\/\/termedimonticelli.it\/de\/wp-json\/wp\/v2\/media\/9028"}],"wp:attachment":[{"href":"https:\/\/termedimonticelli.it\/de\/wp-json\/wp\/v2\/media?parent=10077"}],"wp:term":[{"taxonomy":"category","embeddable":true,"href":"https:\/\/termedimonticelli.it\/de\/wp-json\/wp\/v2\/categories?post=10077"},{"taxonomy":"post_tag","embeddable":true,"href":"https:\/\/termedimonticelli.it\/de\/wp-json\/wp\/v2\/tags?post=10077"}],"curies":[{"name":"wp","href":"https:\/\/api.w.org\/{rel}","templated":true}]}}