{"id":10083,"date":"2024-05-15T23:03:36","date_gmt":"2024-05-15T21:03:36","guid":{"rendered":"https:\/\/termedimonticelli.it\/spa-und-wellness-route\/"},"modified":"2024-07-22T13:36:32","modified_gmt":"2024-07-22T13:36:32","slug":"spa-und-wellness-route","status":"publish","type":"page","link":"https:\/\/termedimonticelli.it\/de\/thermalbaeder\/taegliche-routen\/spa-und-wellness-route\/","title":{"rendered":"Spa und Wellness Route"},"content":{"rendered":"\t\t<div data-elementor-type=\"wp-page\" data-elementor-id=\"10083\" class=\"elementor elementor-10083 elementor-2371\" data-elementor-post-type=\"page\">\n\t\t\t\t<div class=\"elementor-element elementor-element-76378a91 e-flex e-con-boxed e-con e-parent\" data-id=\"76378a91\" data-element_type=\"container\" data-e-type=\"container\" data-settings=\"{&quot;jet_parallax_layout_list&quot;:[]}\">\n\t\t\t\t\t<div class=\"e-con-inner\">\n\t\t\t\t<div class=\"elementor-element elementor-element-75957f3a elementor-widget elementor-widget-text-editor\" data-id=\"75957f3a\" data-element_type=\"widget\" data-e-type=\"widget\" data-widget_type=\"text-editor.default\">\n\t\t\t\t<div class=\"elementor-widget-container\">\n\t\t\t\t\t\t\t\t\tDie Spa- und Wellness-Route umfasst:  <ul>\n \t<li><strong>T\u00e4glicher Eintritt (10 bis 19<\/strong> Uhr) in unsere Thermalbecken mit unterschiedlichen Temperaturen (30\u00b0 bis 34\u00b0) mit Whirlpools, Hydrobikes und Wasserf\u00e4llen;<\/li>\n \t<li><strong>freier Zugang zum Wellnessbereich<\/strong> mit Saunen, t\u00fcrkischen B\u00e4dern, Essenztepidarium und Duschen mit verschiedenen Temperaturen;<\/li>\n \t<li>Solarium mit Au\u00dfenwhirlpool (im Sommer);<\/li>\n \t<li>Fitnessraum ausgestattet mit Technogym;<\/li>\n \t<li><strong>1 Wellness-R\u00fcckenmassage 20 Minuten <\/strong>in der <strong><em>Beauty Spa Linie<\/em><\/strong> der Terme di Monticelli, je nach Verf\u00fcgbarkeit, die vor der Buchung unter <a href=\"tel:%200521659190\">0521 659190<\/a> zu pr\u00fcfen ist<\/li>\n<\/ul><br>\n<br><br> P<strong>reise<\/strong> \u20ac 65,00 pro Person (Dienstag-Freitag) \u20ac 75,00 pro Person (Samstag, Sonntag, Feiertage) <br><br><em>Reservierung erforderlich: <a href=\"mailto:info@rosehotel.it\">info@rosehotel.it<\/a> &#8211; <a href=\"tel:0521657425\">0521 657425<\/a><\/em>\t\t\t\t\t\t\t\t<\/div>\n\t\t\t\t<\/div>\n\t\t\t\t\t<\/div>\n\t\t\t\t<\/div>\n\t\t\t\t<\/div>\n\t\t","protected":false},"excerpt":{"rendered":"<p>Ein Verj\u00fcngungserlebnis, das Ihnen an einem Tag das n\u00f6tige Wohlbefinden schenken soll.<br \/>\nTauchen Sie ein in unsere Thermalbecken, lassen Sie sich von den Whirlpools einlullen und erkunden Sie die Welt der Thermald\u00e4mpfe in den Saunen, den t\u00fcrkischen B\u00e4dern und dem Tepidarium, die perfekt f\u00fcr die Entschlackung des K\u00f6rpers sind.<br \/>\nUnd bevor Sie in den Alltag zur\u00fcckkehren, was k\u00f6nnte besser sein als eine Behandlung, um Verspannungen zu l\u00f6sen und den Geist zu entspannen?  <\/p>\n","protected":false},"author":1,"featured_media":8644,"parent":10309,"menu_order":2,"comment_status":"closed","ping_status":"closed","template":"","meta":{"_acf_changed":false,"inline_featured_image":false,"footnotes":""},"categories":[],"tags":[],"class_list":["post-10083","page","type-page","status-publish","has-post-thumbnail","hentry"],"acf":[],"yoast_head":"<!-- This site is optimized with the Yoast SEO plugin v27.3 - https:\/\/yoast.com\/product\/yoast-seo-wordpress\/ -->\n<title>Spa und Wellness Route - Terme di Monticelli<\/title>\n<meta name=\"description\" content=\"T\u00e4glicher Spa-Eintritt mit Massage und Zugang zum 4000 qm gro\u00dfen Wellnessbereich und 1 R\u00fcckenmassage von 20 Minuten. Entdecken Sie die Preise!\" \/>\n<meta name=\"robots\" content=\"index, follow, max-snippet:-1, max-image-preview:large, max-video-preview:-1\" \/>\n<link rel=\"canonical\" href=\"https:\/\/termedimonticelli.it\/de\/thermalbaeder\/taegliche-routen\/spa-und-wellness-route\/\" \/>\n<meta property=\"og:locale\" content=\"de_DE\" \/>\n<meta property=\"og:type\" content=\"article\" \/>\n<meta property=\"og:title\" content=\"Spa und Wellness Route - Terme di Monticelli\" \/>\n<meta property=\"og:description\" content=\"T\u00e4glicher Spa-Eintritt mit Massage und Zugang zum 4000 qm gro\u00dfen Wellnessbereich und 1 R\u00fcckenmassage von 20 Minuten. Entdecken Sie die Preise!\" \/>\n<meta property=\"og:url\" content=\"https:\/\/termedimonticelli.it\/de\/thermalbaeder\/taegliche-routen\/spa-und-wellness-route\/\" \/>\n<meta property=\"og:site_name\" content=\"Terme di Monticelli\" \/>\n<meta property=\"article:publisher\" content=\"https:\/\/www.facebook.com\/TermeDiMonticelli\/\" \/>\n<meta property=\"article:modified_time\" content=\"2024-07-22T13:36:32+00:00\" \/>\n<meta property=\"og:image\" content=\"https:\/\/termedimonticelli.it\/wp-content\/uploads\/2024\/05\/terme-e-benessere_header.jpg\" \/>\n\t<meta property=\"og:image:width\" content=\"2000\" \/>\n\t<meta property=\"og:image:height\" content=\"650\" \/>\n\t<meta property=\"og:image:type\" content=\"image\/jpeg\" \/>\n<meta name=\"twitter:card\" content=\"summary_large_image\" \/>\n<script type=\"application\/ld+json\" class=\"yoast-schema-graph\">{\"@context\":\"https:\\\/\\\/schema.org\",\"@graph\":[{\"@type\":\"WebPage\",\"@id\":\"https:\\\/\\\/termedimonticelli.it\\\/de\\\/thermalbaeder\\\/taegliche-routen\\\/spa-und-wellness-route\\\/\",\"url\":\"https:\\\/\\\/termedimonticelli.it\\\/de\\\/thermalbaeder\\\/taegliche-routen\\\/spa-und-wellness-route\\\/\",\"name\":\"Spa und Wellness Route - Terme di Monticelli\",\"isPartOf\":{\"@id\":\"https:\\\/\\\/termedimonticelli.it\\\/de\\\/#website\"},\"primaryImageOfPage\":{\"@id\":\"https:\\\/\\\/termedimonticelli.it\\\/de\\\/thermalbaeder\\\/taegliche-routen\\\/spa-und-wellness-route\\\/#primaryimage\"},\"image\":{\"@id\":\"https:\\\/\\\/termedimonticelli.it\\\/de\\\/thermalbaeder\\\/taegliche-routen\\\/spa-und-wellness-route\\\/#primaryimage\"},\"thumbnailUrl\":\"https:\\\/\\\/termedimonticelli.it\\\/wp-content\\\/uploads\\\/2024\\\/05\\\/terme-e-benessere_header.jpg\",\"datePublished\":\"2024-05-15T21:03:36+00:00\",\"dateModified\":\"2024-07-22T13:36:32+00:00\",\"description\":\"T\u00e4glicher Spa-Eintritt mit Massage und Zugang zum 4000 qm gro\u00dfen Wellnessbereich und 1 R\u00fcckenmassage von 20 Minuten. Entdecken Sie die Preise!\",\"breadcrumb\":{\"@id\":\"https:\\\/\\\/termedimonticelli.it\\\/de\\\/thermalbaeder\\\/taegliche-routen\\\/spa-und-wellness-route\\\/#breadcrumb\"},\"inLanguage\":\"de\",\"potentialAction\":[{\"@type\":\"ReadAction\",\"target\":[\"https:\\\/\\\/termedimonticelli.it\\\/de\\\/thermalbaeder\\\/taegliche-routen\\\/spa-und-wellness-route\\\/\"]}]},{\"@type\":\"ImageObject\",\"inLanguage\":\"de\",\"@id\":\"https:\\\/\\\/termedimonticelli.it\\\/de\\\/thermalbaeder\\\/taegliche-routen\\\/spa-und-wellness-route\\\/#primaryimage\",\"url\":\"https:\\\/\\\/termedimonticelli.it\\\/wp-content\\\/uploads\\\/2024\\\/05\\\/terme-e-benessere_header.jpg\",\"contentUrl\":\"https:\\\/\\\/termedimonticelli.it\\\/wp-content\\\/uploads\\\/2024\\\/05\\\/terme-e-benessere_header.jpg\",\"width\":2000,\"height\":650},{\"@type\":\"BreadcrumbList\",\"@id\":\"https:\\\/\\\/termedimonticelli.it\\\/de\\\/thermalbaeder\\\/taegliche-routen\\\/spa-und-wellness-route\\\/#breadcrumb\",\"itemListElement\":[{\"@type\":\"ListItem\",\"position\":1,\"name\":\"Home\",\"item\":\"https:\\\/\\\/termedimonticelli.it\\\/\"},{\"@type\":\"ListItem\",\"position\":2,\"name\":\"Thermalb\u00e4der\",\"item\":\"https:\\\/\\\/termedimonticelli.it\\\/piscine-termali\\\/\"},{\"@type\":\"ListItem\",\"position\":3,\"name\":\"T\u00e4gliche Routen\",\"item\":\"https:\\\/\\\/termedimonticelli.it\\\/piscine-termali\\\/percorsi-giornalieri\\\/\"},{\"@type\":\"ListItem\",\"position\":4,\"name\":\"Spa und Wellness Route\"}]},{\"@type\":\"WebSite\",\"@id\":\"https:\\\/\\\/termedimonticelli.it\\\/de\\\/#website\",\"url\":\"https:\\\/\\\/termedimonticelli.it\\\/de\\\/\",\"name\":\"Terme di Monticelli\",\"description\":\"Terme di Monticelli\",\"potentialAction\":[{\"@type\":\"SearchAction\",\"target\":{\"@type\":\"EntryPoint\",\"urlTemplate\":\"https:\\\/\\\/termedimonticelli.it\\\/de\\\/?s={search_term_string}\"},\"query-input\":{\"@type\":\"PropertyValueSpecification\",\"valueRequired\":true,\"valueName\":\"search_term_string\"}}],\"inLanguage\":\"de\"}]}<\/script>\n<!-- \/ Yoast SEO plugin. -->","yoast_head_json":{"title":"Spa und Wellness Route - Terme di Monticelli","description":"T\u00e4glicher Spa-Eintritt mit Massage und Zugang zum 4000 qm gro\u00dfen Wellnessbereich und 1 R\u00fcckenmassage von 20 Minuten. Entdecken Sie die Preise!","robots":{"index":"index","follow":"follow","max-snippet":"max-snippet:-1","max-image-preview":"max-image-preview:large","max-video-preview":"max-video-preview:-1"},"canonical":"https:\/\/termedimonticelli.it\/de\/thermalbaeder\/taegliche-routen\/spa-und-wellness-route\/","og_locale":"de_DE","og_type":"article","og_title":"Spa und Wellness Route - Terme di Monticelli","og_description":"T\u00e4glicher Spa-Eintritt mit Massage und Zugang zum 4000 qm gro\u00dfen Wellnessbereich und 1 R\u00fcckenmassage von 20 Minuten. Entdecken Sie die Preise!","og_url":"https:\/\/termedimonticelli.it\/de\/thermalbaeder\/taegliche-routen\/spa-und-wellness-route\/","og_site_name":"Terme di Monticelli","article_publisher":"https:\/\/www.facebook.com\/TermeDiMonticelli\/","article_modified_time":"2024-07-22T13:36:32+00:00","og_image":[{"width":2000,"height":650,"url":"https:\/\/termedimonticelli.it\/wp-content\/uploads\/2024\/05\/terme-e-benessere_header.jpg","type":"image\/jpeg"}],"twitter_card":"summary_large_image","schema":{"@context":"https:\/\/schema.org","@graph":[{"@type":"WebPage","@id":"https:\/\/termedimonticelli.it\/de\/thermalbaeder\/taegliche-routen\/spa-und-wellness-route\/","url":"https:\/\/termedimonticelli.it\/de\/thermalbaeder\/taegliche-routen\/spa-und-wellness-route\/","name":"Spa und Wellness Route - Terme di Monticelli","isPartOf":{"@id":"https:\/\/termedimonticelli.it\/de\/#website"},"primaryImageOfPage":{"@id":"https:\/\/termedimonticelli.it\/de\/thermalbaeder\/taegliche-routen\/spa-und-wellness-route\/#primaryimage"},"image":{"@id":"https:\/\/termedimonticelli.it\/de\/thermalbaeder\/taegliche-routen\/spa-und-wellness-route\/#primaryimage"},"thumbnailUrl":"https:\/\/termedimonticelli.it\/wp-content\/uploads\/2024\/05\/terme-e-benessere_header.jpg","datePublished":"2024-05-15T21:03:36+00:00","dateModified":"2024-07-22T13:36:32+00:00","description":"T\u00e4glicher Spa-Eintritt mit Massage und Zugang zum 4000 qm gro\u00dfen Wellnessbereich und 1 R\u00fcckenmassage von 20 Minuten. Entdecken Sie die Preise!","breadcrumb":{"@id":"https:\/\/termedimonticelli.it\/de\/thermalbaeder\/taegliche-routen\/spa-und-wellness-route\/#breadcrumb"},"inLanguage":"de","potentialAction":[{"@type":"ReadAction","target":["https:\/\/termedimonticelli.it\/de\/thermalbaeder\/taegliche-routen\/spa-und-wellness-route\/"]}]},{"@type":"ImageObject","inLanguage":"de","@id":"https:\/\/termedimonticelli.it\/de\/thermalbaeder\/taegliche-routen\/spa-und-wellness-route\/#primaryimage","url":"https:\/\/termedimonticelli.it\/wp-content\/uploads\/2024\/05\/terme-e-benessere_header.jpg","contentUrl":"https:\/\/termedimonticelli.it\/wp-content\/uploads\/2024\/05\/terme-e-benessere_header.jpg","width":2000,"height":650},{"@type":"BreadcrumbList","@id":"https:\/\/termedimonticelli.it\/de\/thermalbaeder\/taegliche-routen\/spa-und-wellness-route\/#breadcrumb","itemListElement":[{"@type":"ListItem","position":1,"name":"Home","item":"https:\/\/termedimonticelli.it\/"},{"@type":"ListItem","position":2,"name":"Thermalb\u00e4der","item":"https:\/\/termedimonticelli.it\/piscine-termali\/"},{"@type":"ListItem","position":3,"name":"T\u00e4gliche Routen","item":"https:\/\/termedimonticelli.it\/piscine-termali\/percorsi-giornalieri\/"},{"@type":"ListItem","position":4,"name":"Spa und Wellness Route"}]},{"@type":"WebSite","@id":"https:\/\/termedimonticelli.it\/de\/#website","url":"https:\/\/termedimonticelli.it\/de\/","name":"Terme di Monticelli","description":"Terme di Monticelli","potentialAction":[{"@type":"SearchAction","target":{"@type":"EntryPoint","urlTemplate":"https:\/\/termedimonticelli.it\/de\/?s={search_term_string}"},"query-input":{"@type":"PropertyValueSpecification","valueRequired":true,"valueName":"search_term_string"}}],"inLanguage":"de"}]}},"jetpack_sharing_enabled":true,"_links":{"self":[{"href":"https:\/\/termedimonticelli.it\/de\/wp-json\/wp\/v2\/pages\/10083","targetHints":{"allow":["GET"]}}],"collection":[{"href":"https:\/\/termedimonticelli.it\/de\/wp-json\/wp\/v2\/pages"}],"about":[{"href":"https:\/\/termedimonticelli.it\/de\/wp-json\/wp\/v2\/types\/page"}],"author":[{"embeddable":true,"href":"https:\/\/termedimonticelli.it\/de\/wp-json\/wp\/v2\/users\/1"}],"replies":[{"embeddable":true,"href":"https:\/\/termedimonticelli.it\/de\/wp-json\/wp\/v2\/comments?post=10083"}],"version-history":[{"count":2,"href":"https:\/\/termedimonticelli.it\/de\/wp-json\/wp\/v2\/pages\/10083\/revisions"}],"predecessor-version":[{"id":10087,"href":"https:\/\/termedimonticelli.it\/de\/wp-json\/wp\/v2\/pages\/10083\/revisions\/10087"}],"up":[{"embeddable":true,"href":"https:\/\/termedimonticelli.it\/de\/wp-json\/wp\/v2\/pages\/10309"}],"wp:featuredmedia":[{"embeddable":true,"href":"https:\/\/termedimonticelli.it\/de\/wp-json\/wp\/v2\/media\/8644"}],"wp:attachment":[{"href":"https:\/\/termedimonticelli.it\/de\/wp-json\/wp\/v2\/media?parent=10083"}],"wp:term":[{"taxonomy":"category","embeddable":true,"href":"https:\/\/termedimonticelli.it\/de\/wp-json\/wp\/v2\/categories?post=10083"},{"taxonomy":"post_tag","embeddable":true,"href":"https:\/\/termedimonticelli.it\/de\/wp-json\/wp\/v2\/tags?post=10083"}],"curies":[{"name":"wp","href":"https:\/\/api.w.org\/{rel}","templated":true}]}}