{"id":10106,"date":"2024-05-15T22:59:02","date_gmt":"2024-05-15T20:59:02","guid":{"rendered":"https:\/\/termedimonticelli.it\/spa-und-geschmacksroute\/"},"modified":"2024-07-22T13:36:32","modified_gmt":"2024-07-22T13:36:32","slug":"spa-und-geschmacksroute","status":"publish","type":"page","link":"https:\/\/termedimonticelli.it\/de\/thermalbaeder\/taegliche-routen\/spa-und-geschmacksroute\/","title":{"rendered":"Spa und Geschmacksroute"},"content":{"rendered":"\t\t<div data-elementor-type=\"wp-page\" data-elementor-id=\"10106\" class=\"elementor elementor-10106 elementor-2363\" data-elementor-post-type=\"page\">\n\t\t\t\t<div class=\"elementor-element elementor-element-32c691ac e-flex e-con-boxed e-con e-parent\" data-id=\"32c691ac\" data-element_type=\"container\" data-e-type=\"container\" data-settings=\"{&quot;jet_parallax_layout_list&quot;:[]}\">\n\t\t\t\t\t<div class=\"e-con-inner\">\n\t\t\t\t<div class=\"elementor-element elementor-element-1fb892df elementor-widget elementor-widget-text-editor\" data-id=\"1fb892df\" data-element_type=\"widget\" data-e-type=\"widget\" data-widget_type=\"text-editor.default\">\n\t\t\t\t<div class=\"elementor-widget-container\">\n\t\t\t\t\t\t\t\t\t<p>Die Spa- und Geschmacksroute umfasst:<\/p>\n<ul>\n<li><strong>Nachmittags (von 15:00 bis 19:00<\/strong> Uhr) <strong>Eintritt<\/strong> in die Thermalbecken mit unterschiedlichen Temperaturen (30\u00b0 bis 34\u00b0) mit Whirlpools, Hydrobikes und Wasserf\u00e4llen;<\/li>\n<li><strong>freier Zugang zum Wellnessbereich<\/strong> mit Saunen, t\u00fcrkischen B\u00e4dern, Essenztepidarium und Duschen mit verschiedenen Temperaturen;<\/li>\n<li>zwei Panoramasolarien (im Sommer);<\/li>\n<li>Fitnessraum ausgestattet mit Technogym;<\/li>\n<li><strong>Abendessen im Restaurant &#8218;La Veranda&#8216;<\/strong>, bestehend aus einem Drei-G\u00e4nge-Men\u00fc mit einer Auswahl von drei Vorspeisen, drei Hauptgerichten, kleinem Gem\u00fcsebuffet, Obst oder Dessert des Tages (Getr\u00e4nke nicht inbegriffen).<\/li>\n<\/ul><br>\n<br><br> P<strong>reise<\/strong> \u20ac 50,00 pro Person (Montag bis Freitag) \u20ac 60,00 pro Person (Samstage, Sonntage, Feiertage)<br>\n<br><em>Reservierung empfohlen: <a href=\"mailto:info@rosehotel.it\">info@rosehotel.it<\/a> &#8211; <a href=\"tel:0521657425\">0521 657425<\/a><\/em><\/p>\t\t\t\t\t\t\t\t<\/div>\n\t\t\t\t<\/div>\n\t\t\t\t\t<\/div>\n\t\t\t\t<\/div>\n\t\t\t\t<\/div>\n\t\t","protected":false},"excerpt":{"rendered":"<p>Eine Einladung, von der Routine abzuschalten, sich zu regenerieren und alle Sinne in einer Atmosph\u00e4re der Ruhe und Entspannung zu verw\u00f6hnen.<br \/>\nEin Nachmittag, den Sie dem Wohlbefinden und den unverwechselbaren Aromen der emilianischen K\u00fcche widmen, indem Sie zun\u00e4chst in den Thermalquellen und den D\u00e4mpfen unserer Pools baden und dann die k\u00f6stlichen Vorschl\u00e4ge der K\u00fcchenbrigade des Restaurants &#8222;La Veranda&#8220; des Hotels delle Rose genie\u00dfen. <\/p>\n","protected":false},"author":1,"featured_media":9014,"parent":10309,"menu_order":1,"comment_status":"closed","ping_status":"closed","template":"","meta":{"_acf_changed":false,"inline_featured_image":false,"footnotes":""},"categories":[],"tags":[],"class_list":["post-10106","page","type-page","status-publish","has-post-thumbnail","hentry"],"acf":[],"yoast_head":"<!-- This site is optimized with the Yoast SEO plugin v27.3 - https:\/\/yoast.com\/product\/yoast-seo-wordpress\/ -->\n<title>Spa und Geschmacksroute - Terme di Monticelli<\/title>\n<meta name=\"description\" content=\"Nachmittags Eintritt in das Spa mit Abendessen im Restaurant La Veranda. Eine Pause zwischen Wellness und den Aromen der emilianischen K\u00fcche. Entdecken Sie die Preise.\" \/>\n<meta name=\"robots\" content=\"index, follow, max-snippet:-1, max-image-preview:large, max-video-preview:-1\" \/>\n<link rel=\"canonical\" href=\"https:\/\/termedimonticelli.it\/de\/thermalbaeder\/taegliche-routen\/spa-und-geschmacksroute\/\" \/>\n<meta property=\"og:locale\" content=\"de_DE\" \/>\n<meta property=\"og:type\" content=\"article\" \/>\n<meta property=\"og:title\" content=\"Spa und Geschmacksroute - Terme di Monticelli\" \/>\n<meta property=\"og:description\" content=\"Nachmittags Eintritt in das Spa mit Abendessen im Restaurant La Veranda. Eine Pause zwischen Wellness und den Aromen der emilianischen K\u00fcche. Entdecken Sie die Preise.\" \/>\n<meta property=\"og:url\" content=\"https:\/\/termedimonticelli.it\/de\/thermalbaeder\/taegliche-routen\/spa-und-geschmacksroute\/\" \/>\n<meta property=\"og:site_name\" content=\"Terme di Monticelli\" \/>\n<meta property=\"article:publisher\" content=\"https:\/\/www.facebook.com\/TermeDiMonticelli\/\" \/>\n<meta property=\"article:modified_time\" content=\"2024-07-22T13:36:32+00:00\" \/>\n<meta property=\"og:image\" content=\"https:\/\/termedimonticelli.it\/wp-content\/uploads\/2024\/05\/risotto-ristorante-la-veranda-terme-di-monticelli.jpg\" \/>\n\t<meta property=\"og:image:width\" content=\"1920\" \/>\n\t<meta property=\"og:image:height\" content=\"1280\" \/>\n\t<meta property=\"og:image:type\" content=\"image\/jpeg\" \/>\n<meta name=\"twitter:card\" content=\"summary_large_image\" \/>\n<script type=\"application\/ld+json\" class=\"yoast-schema-graph\">{\"@context\":\"https:\\\/\\\/schema.org\",\"@graph\":[{\"@type\":\"WebPage\",\"@id\":\"https:\\\/\\\/termedimonticelli.it\\\/de\\\/thermalbaeder\\\/taegliche-routen\\\/spa-und-geschmacksroute\\\/\",\"url\":\"https:\\\/\\\/termedimonticelli.it\\\/de\\\/thermalbaeder\\\/taegliche-routen\\\/spa-und-geschmacksroute\\\/\",\"name\":\"Spa und Geschmacksroute - Terme di Monticelli\",\"isPartOf\":{\"@id\":\"https:\\\/\\\/termedimonticelli.it\\\/de\\\/#website\"},\"primaryImageOfPage\":{\"@id\":\"https:\\\/\\\/termedimonticelli.it\\\/de\\\/thermalbaeder\\\/taegliche-routen\\\/spa-und-geschmacksroute\\\/#primaryimage\"},\"image\":{\"@id\":\"https:\\\/\\\/termedimonticelli.it\\\/de\\\/thermalbaeder\\\/taegliche-routen\\\/spa-und-geschmacksroute\\\/#primaryimage\"},\"thumbnailUrl\":\"https:\\\/\\\/termedimonticelli.it\\\/wp-content\\\/uploads\\\/2024\\\/05\\\/risotto-ristorante-la-veranda-terme-di-monticelli.jpg\",\"datePublished\":\"2024-05-15T20:59:02+00:00\",\"dateModified\":\"2024-07-22T13:36:32+00:00\",\"description\":\"Nachmittags Eintritt in das Spa mit Abendessen im Restaurant La Veranda. Eine Pause zwischen Wellness und den Aromen der emilianischen K\u00fcche. Entdecken Sie die Preise.\",\"breadcrumb\":{\"@id\":\"https:\\\/\\\/termedimonticelli.it\\\/de\\\/thermalbaeder\\\/taegliche-routen\\\/spa-und-geschmacksroute\\\/#breadcrumb\"},\"inLanguage\":\"de\",\"potentialAction\":[{\"@type\":\"ReadAction\",\"target\":[\"https:\\\/\\\/termedimonticelli.it\\\/de\\\/thermalbaeder\\\/taegliche-routen\\\/spa-und-geschmacksroute\\\/\"]}]},{\"@type\":\"ImageObject\",\"inLanguage\":\"de\",\"@id\":\"https:\\\/\\\/termedimonticelli.it\\\/de\\\/thermalbaeder\\\/taegliche-routen\\\/spa-und-geschmacksroute\\\/#primaryimage\",\"url\":\"https:\\\/\\\/termedimonticelli.it\\\/wp-content\\\/uploads\\\/2024\\\/05\\\/risotto-ristorante-la-veranda-terme-di-monticelli.jpg\",\"contentUrl\":\"https:\\\/\\\/termedimonticelli.it\\\/wp-content\\\/uploads\\\/2024\\\/05\\\/risotto-ristorante-la-veranda-terme-di-monticelli.jpg\",\"width\":1920,\"height\":1280},{\"@type\":\"BreadcrumbList\",\"@id\":\"https:\\\/\\\/termedimonticelli.it\\\/de\\\/thermalbaeder\\\/taegliche-routen\\\/spa-und-geschmacksroute\\\/#breadcrumb\",\"itemListElement\":[{\"@type\":\"ListItem\",\"position\":1,\"name\":\"Home\",\"item\":\"https:\\\/\\\/termedimonticelli.it\\\/\"},{\"@type\":\"ListItem\",\"position\":2,\"name\":\"Thermalb\u00e4der\",\"item\":\"https:\\\/\\\/termedimonticelli.it\\\/piscine-termali\\\/\"},{\"@type\":\"ListItem\",\"position\":3,\"name\":\"T\u00e4gliche Routen\",\"item\":\"https:\\\/\\\/termedimonticelli.it\\\/piscine-termali\\\/percorsi-giornalieri\\\/\"},{\"@type\":\"ListItem\",\"position\":4,\"name\":\"Spa und Geschmacksroute\"}]},{\"@type\":\"WebSite\",\"@id\":\"https:\\\/\\\/termedimonticelli.it\\\/de\\\/#website\",\"url\":\"https:\\\/\\\/termedimonticelli.it\\\/de\\\/\",\"name\":\"Terme di Monticelli\",\"description\":\"Terme di Monticelli\",\"potentialAction\":[{\"@type\":\"SearchAction\",\"target\":{\"@type\":\"EntryPoint\",\"urlTemplate\":\"https:\\\/\\\/termedimonticelli.it\\\/de\\\/?s={search_term_string}\"},\"query-input\":{\"@type\":\"PropertyValueSpecification\",\"valueRequired\":true,\"valueName\":\"search_term_string\"}}],\"inLanguage\":\"de\"}]}<\/script>\n<!-- \/ Yoast SEO plugin. -->","yoast_head_json":{"title":"Spa und Geschmacksroute - Terme di Monticelli","description":"Nachmittags Eintritt in das Spa mit Abendessen im Restaurant La Veranda. Eine Pause zwischen Wellness und den Aromen der emilianischen K\u00fcche. Entdecken Sie die Preise.","robots":{"index":"index","follow":"follow","max-snippet":"max-snippet:-1","max-image-preview":"max-image-preview:large","max-video-preview":"max-video-preview:-1"},"canonical":"https:\/\/termedimonticelli.it\/de\/thermalbaeder\/taegliche-routen\/spa-und-geschmacksroute\/","og_locale":"de_DE","og_type":"article","og_title":"Spa und Geschmacksroute - Terme di Monticelli","og_description":"Nachmittags Eintritt in das Spa mit Abendessen im Restaurant La Veranda. Eine Pause zwischen Wellness und den Aromen der emilianischen K\u00fcche. Entdecken Sie die Preise.","og_url":"https:\/\/termedimonticelli.it\/de\/thermalbaeder\/taegliche-routen\/spa-und-geschmacksroute\/","og_site_name":"Terme di Monticelli","article_publisher":"https:\/\/www.facebook.com\/TermeDiMonticelli\/","article_modified_time":"2024-07-22T13:36:32+00:00","og_image":[{"width":1920,"height":1280,"url":"https:\/\/termedimonticelli.it\/wp-content\/uploads\/2024\/05\/risotto-ristorante-la-veranda-terme-di-monticelli.jpg","type":"image\/jpeg"}],"twitter_card":"summary_large_image","schema":{"@context":"https:\/\/schema.org","@graph":[{"@type":"WebPage","@id":"https:\/\/termedimonticelli.it\/de\/thermalbaeder\/taegliche-routen\/spa-und-geschmacksroute\/","url":"https:\/\/termedimonticelli.it\/de\/thermalbaeder\/taegliche-routen\/spa-und-geschmacksroute\/","name":"Spa und Geschmacksroute - Terme di Monticelli","isPartOf":{"@id":"https:\/\/termedimonticelli.it\/de\/#website"},"primaryImageOfPage":{"@id":"https:\/\/termedimonticelli.it\/de\/thermalbaeder\/taegliche-routen\/spa-und-geschmacksroute\/#primaryimage"},"image":{"@id":"https:\/\/termedimonticelli.it\/de\/thermalbaeder\/taegliche-routen\/spa-und-geschmacksroute\/#primaryimage"},"thumbnailUrl":"https:\/\/termedimonticelli.it\/wp-content\/uploads\/2024\/05\/risotto-ristorante-la-veranda-terme-di-monticelli.jpg","datePublished":"2024-05-15T20:59:02+00:00","dateModified":"2024-07-22T13:36:32+00:00","description":"Nachmittags Eintritt in das Spa mit Abendessen im Restaurant La Veranda. Eine Pause zwischen Wellness und den Aromen der emilianischen K\u00fcche. Entdecken Sie die Preise.","breadcrumb":{"@id":"https:\/\/termedimonticelli.it\/de\/thermalbaeder\/taegliche-routen\/spa-und-geschmacksroute\/#breadcrumb"},"inLanguage":"de","potentialAction":[{"@type":"ReadAction","target":["https:\/\/termedimonticelli.it\/de\/thermalbaeder\/taegliche-routen\/spa-und-geschmacksroute\/"]}]},{"@type":"ImageObject","inLanguage":"de","@id":"https:\/\/termedimonticelli.it\/de\/thermalbaeder\/taegliche-routen\/spa-und-geschmacksroute\/#primaryimage","url":"https:\/\/termedimonticelli.it\/wp-content\/uploads\/2024\/05\/risotto-ristorante-la-veranda-terme-di-monticelli.jpg","contentUrl":"https:\/\/termedimonticelli.it\/wp-content\/uploads\/2024\/05\/risotto-ristorante-la-veranda-terme-di-monticelli.jpg","width":1920,"height":1280},{"@type":"BreadcrumbList","@id":"https:\/\/termedimonticelli.it\/de\/thermalbaeder\/taegliche-routen\/spa-und-geschmacksroute\/#breadcrumb","itemListElement":[{"@type":"ListItem","position":1,"name":"Home","item":"https:\/\/termedimonticelli.it\/"},{"@type":"ListItem","position":2,"name":"Thermalb\u00e4der","item":"https:\/\/termedimonticelli.it\/piscine-termali\/"},{"@type":"ListItem","position":3,"name":"T\u00e4gliche Routen","item":"https:\/\/termedimonticelli.it\/piscine-termali\/percorsi-giornalieri\/"},{"@type":"ListItem","position":4,"name":"Spa und Geschmacksroute"}]},{"@type":"WebSite","@id":"https:\/\/termedimonticelli.it\/de\/#website","url":"https:\/\/termedimonticelli.it\/de\/","name":"Terme di Monticelli","description":"Terme di Monticelli","potentialAction":[{"@type":"SearchAction","target":{"@type":"EntryPoint","urlTemplate":"https:\/\/termedimonticelli.it\/de\/?s={search_term_string}"},"query-input":{"@type":"PropertyValueSpecification","valueRequired":true,"valueName":"search_term_string"}}],"inLanguage":"de"}]}},"jetpack_sharing_enabled":true,"_links":{"self":[{"href":"https:\/\/termedimonticelli.it\/de\/wp-json\/wp\/v2\/pages\/10106","targetHints":{"allow":["GET"]}}],"collection":[{"href":"https:\/\/termedimonticelli.it\/de\/wp-json\/wp\/v2\/pages"}],"about":[{"href":"https:\/\/termedimonticelli.it\/de\/wp-json\/wp\/v2\/types\/page"}],"author":[{"embeddable":true,"href":"https:\/\/termedimonticelli.it\/de\/wp-json\/wp\/v2\/users\/1"}],"replies":[{"embeddable":true,"href":"https:\/\/termedimonticelli.it\/de\/wp-json\/wp\/v2\/comments?post=10106"}],"version-history":[{"count":2,"href":"https:\/\/termedimonticelli.it\/de\/wp-json\/wp\/v2\/pages\/10106\/revisions"}],"predecessor-version":[{"id":10109,"href":"https:\/\/termedimonticelli.it\/de\/wp-json\/wp\/v2\/pages\/10106\/revisions\/10109"}],"up":[{"embeddable":true,"href":"https:\/\/termedimonticelli.it\/de\/wp-json\/wp\/v2\/pages\/10309"}],"wp:featuredmedia":[{"embeddable":true,"href":"https:\/\/termedimonticelli.it\/de\/wp-json\/wp\/v2\/media\/9014"}],"wp:attachment":[{"href":"https:\/\/termedimonticelli.it\/de\/wp-json\/wp\/v2\/media?parent=10106"}],"wp:term":[{"taxonomy":"category","embeddable":true,"href":"https:\/\/termedimonticelli.it\/de\/wp-json\/wp\/v2\/categories?post=10106"},{"taxonomy":"post_tag","embeddable":true,"href":"https:\/\/termedimonticelli.it\/de\/wp-json\/wp\/v2\/tags?post=10106"}],"curies":[{"name":"wp","href":"https:\/\/api.w.org\/{rel}","templated":true}]}}