{"id":13106,"date":"2024-12-19T12:39:28","date_gmt":"2024-12-19T11:39:28","guid":{"rendered":"https:\/\/termedimonticelli.it\/?page_id=13106"},"modified":"2024-12-19T12:45:05","modified_gmt":"2024-12-19T11:45:05","slug":"pfad-der-harmonie-3","status":"publish","type":"page","link":"https:\/\/termedimonticelli.it\/de\/thermalbaeder\/taegliche-routen\/pfad-der-harmonie-2\/","title":{"rendered":"Pfad der Harmonie"},"content":{"rendered":"\t\t<div data-elementor-type=\"wp-page\" data-elementor-id=\"13106\" class=\"elementor elementor-13106 elementor-13105\" data-elementor-post-type=\"page\">\n\t\t\t\t<div class=\"elementor-element elementor-element-57ad260b e-flex e-con-boxed e-con e-parent\" data-id=\"57ad260b\" data-element_type=\"container\" data-e-type=\"container\" data-settings=\"{&quot;jet_parallax_layout_list&quot;:[]}\">\n\t\t\t\t\t<div class=\"e-con-inner\">\n\t\t\t\t<div class=\"elementor-element elementor-element-50f8b5e4 elementor-widget elementor-widget-text-editor\" data-id=\"50f8b5e4\" data-element_type=\"widget\" data-e-type=\"widget\" data-widget_type=\"text-editor.default\">\n\t\t\t\t<div class=\"elementor-widget-container\">\n\t\t\t\t\t\t\t\t\t<p>Der Harmony Path umfasst:<\/p>\n<ul>\n<li><strong>T\u00e4glicher Eintritt (10 bis 19<\/strong> Uhr) in unsere Thermalbecken mit unterschiedlichen Temperaturen (30\u00b0 bis 34\u00b0) mit Whirlpools, Hydrobikes und Wasserf\u00e4llen;<\/li>\n<li><strong>freier Zugang zum Wellnessbereich<\/strong> mit Saunen, t\u00fcrkischen B\u00e4dern, Essenztepidarium und Duschen mit verschiedenen Temperaturen;<\/li>\n<li>zwei Panoramasolarien (im Sommer);<\/li>\n<li>Fitnessraum ausgestattet mit Technogym;<\/li>\n<li><strong>leichtes Mittagessen im Restaurant &#8218;La Veranda&#8216;<\/strong>, mit einer Auswahl aus einem der drei ersten und drei zweiten G\u00e4nge des Tages, die vom K\u00fcchenchef vorgeschlagen werden, begleitet von einem Buffet mit Gem\u00fcse und Salaten, Obst und Dessert.<\/li>\n<\/ul>\n<p>P<strong>reise:<\/strong> \u20ac 45,00 pro Person (Montag-Freitag) \u20ac 55,00 pro Person (Samstag, Sonntag, Feiertage)<\/p>\n<p><strong><span style=\"text-decoration: underline;\">Der Harmony Path kann im August nicht gekauft werden.  <\/span><\/strong><\/p>\n<p><em>Reservierung empfohlen: <a href=\"mailto:info@rosehotelmonticelli.it\">info@rosehotelmonticelli.it<\/a> &#8211; Tel. <a href=\"tel:+390521657425\">0521 657425<\/a>.<\/em><\/p>\n\t\t\t\t\t\t\t\t<\/div>\n\t\t\t\t<\/div>\n\t\t\t\t\t<\/div>\n\t\t\t\t<\/div>\n\t\t\t\t<\/div>\n\t\t","protected":false},"excerpt":{"rendered":"<p>Finden Sie das Gleichgewicht von K\u00f6rper und Geist wieder, indem Sie sich einen Tag f\u00fcr sich selbst nehmen.<br \/>\nG\u00f6nnen Sie sich tiefe Entspannung und Regeneration in therapeutischem Thermalwasser, das gut f\u00fcr Ihre Haut, Ihren Atem und Ihre Bewegung ist.<br \/>\nTanken Sie neue Energie mit einem Erlebnis, das entspannt und regeneriert, erg\u00e4nzt durch ein leichtes und schmackhaftes Mittagessen.  <\/p>\n","protected":false},"author":2,"featured_media":9134,"parent":10309,"menu_order":4,"comment_status":"closed","ping_status":"closed","template":"","meta":{"_acf_changed":false,"inline_featured_image":false,"footnotes":""},"categories":[],"tags":[],"class_list":["post-13106","page","type-page","status-publish","has-post-thumbnail","hentry"],"acf":[],"yoast_head":"<!-- This site is optimized with the Yoast SEO plugin v27.3 - https:\/\/yoast.com\/product\/yoast-seo-wordpress\/ -->\n<title>Pfad der Harmonie - Terme di Monticelli<\/title>\n<meta name=\"description\" content=\"T\u00e4glicher Eintritt ins Spa mit einem leichten Mittagessen im Restaurant La Veranda und Zugang zum 4000 m\u00b2 gro\u00dfen Wellnessbereich. Entdecken Sie die Preise!\" \/>\n<meta name=\"robots\" content=\"index, follow, max-snippet:-1, max-image-preview:large, max-video-preview:-1\" \/>\n<link rel=\"canonical\" href=\"https:\/\/termedimonticelli.it\/de\/thermalbaeder\/taegliche-routen\/pfad-der-harmonie-2\/\" \/>\n<meta property=\"og:locale\" content=\"de_DE\" \/>\n<meta property=\"og:type\" content=\"article\" \/>\n<meta property=\"og:title\" content=\"Pfad der Harmonie - Terme di Monticelli\" \/>\n<meta property=\"og:description\" content=\"T\u00e4glicher Eintritt ins Spa mit einem leichten Mittagessen im Restaurant La Veranda und Zugang zum 4000 m\u00b2 gro\u00dfen Wellnessbereich. Entdecken Sie die Preise!\" \/>\n<meta property=\"og:url\" content=\"https:\/\/termedimonticelli.it\/de\/thermalbaeder\/taegliche-routen\/pfad-der-harmonie-2\/\" \/>\n<meta property=\"og:site_name\" content=\"Terme di Monticelli\" \/>\n<meta property=\"article:publisher\" content=\"https:\/\/www.facebook.com\/TermeDiMonticelli\/\" \/>\n<meta property=\"article:modified_time\" content=\"2024-12-19T11:45:05+00:00\" \/>\n<meta property=\"og:image\" content=\"https:\/\/termedimonticelli.it\/wp-content\/uploads\/2024\/05\/light-lunch-al-ristorante-la-veranda-terme-di-monticelli.jpg\" \/>\n\t<meta property=\"og:image:width\" content=\"1800\" \/>\n\t<meta property=\"og:image:height\" content=\"1200\" \/>\n\t<meta property=\"og:image:type\" content=\"image\/jpeg\" \/>\n<meta name=\"twitter:card\" content=\"summary_large_image\" \/>\n<meta name=\"twitter:label1\" content=\"Gesch\u00e4tzte Lesezeit\" \/>\n\t<meta name=\"twitter:data1\" content=\"1\u00a0Minute\" \/>\n<script type=\"application\/ld+json\" class=\"yoast-schema-graph\">{\"@context\":\"https:\\\/\\\/schema.org\",\"@graph\":[{\"@type\":\"WebPage\",\"@id\":\"https:\\\/\\\/termedimonticelli.it\\\/de\\\/thermalbaeder\\\/taegliche-routen\\\/pfad-der-harmonie-2\\\/\",\"url\":\"https:\\\/\\\/termedimonticelli.it\\\/de\\\/thermalbaeder\\\/taegliche-routen\\\/pfad-der-harmonie-2\\\/\",\"name\":\"Pfad der Harmonie - Terme di Monticelli\",\"isPartOf\":{\"@id\":\"https:\\\/\\\/termedimonticelli.it\\\/de\\\/#website\"},\"primaryImageOfPage\":{\"@id\":\"https:\\\/\\\/termedimonticelli.it\\\/de\\\/thermalbaeder\\\/taegliche-routen\\\/pfad-der-harmonie-2\\\/#primaryimage\"},\"image\":{\"@id\":\"https:\\\/\\\/termedimonticelli.it\\\/de\\\/thermalbaeder\\\/taegliche-routen\\\/pfad-der-harmonie-2\\\/#primaryimage\"},\"thumbnailUrl\":\"https:\\\/\\\/termedimonticelli.it\\\/wp-content\\\/uploads\\\/2024\\\/05\\\/piatto-di-anolini-al-ristorante-la-veranda-delle-terme-di-monticelli.jpg\",\"datePublished\":\"2024-12-19T11:39:28+00:00\",\"dateModified\":\"2024-12-19T11:45:05+00:00\",\"description\":\"T\u00e4glicher Eintritt ins Spa mit einem leichten Mittagessen im Restaurant La Veranda und Zugang zum 4000 m\u00b2 gro\u00dfen Wellnessbereich. Entdecken Sie die Preise!\",\"breadcrumb\":{\"@id\":\"https:\\\/\\\/termedimonticelli.it\\\/de\\\/thermalbaeder\\\/taegliche-routen\\\/pfad-der-harmonie-2\\\/#breadcrumb\"},\"inLanguage\":\"de\",\"potentialAction\":[{\"@type\":\"ReadAction\",\"target\":[\"https:\\\/\\\/termedimonticelli.it\\\/de\\\/thermalbaeder\\\/taegliche-routen\\\/pfad-der-harmonie-2\\\/\"]}]},{\"@type\":\"ImageObject\",\"inLanguage\":\"de\",\"@id\":\"https:\\\/\\\/termedimonticelli.it\\\/de\\\/thermalbaeder\\\/taegliche-routen\\\/pfad-der-harmonie-2\\\/#primaryimage\",\"url\":\"https:\\\/\\\/termedimonticelli.it\\\/wp-content\\\/uploads\\\/2024\\\/05\\\/piatto-di-anolini-al-ristorante-la-veranda-delle-terme-di-monticelli.jpg\",\"contentUrl\":\"https:\\\/\\\/termedimonticelli.it\\\/wp-content\\\/uploads\\\/2024\\\/05\\\/piatto-di-anolini-al-ristorante-la-veranda-delle-terme-di-monticelli.jpg\",\"width\":1920,\"height\":1282},{\"@type\":\"BreadcrumbList\",\"@id\":\"https:\\\/\\\/termedimonticelli.it\\\/de\\\/thermalbaeder\\\/taegliche-routen\\\/pfad-der-harmonie-2\\\/#breadcrumb\",\"itemListElement\":[{\"@type\":\"ListItem\",\"position\":1,\"name\":\"Home\",\"item\":\"https:\\\/\\\/termedimonticelli.it\\\/\"},{\"@type\":\"ListItem\",\"position\":2,\"name\":\"Thermalb\u00e4der\",\"item\":\"https:\\\/\\\/termedimonticelli.it\\\/piscine-termali\\\/\"},{\"@type\":\"ListItem\",\"position\":3,\"name\":\"T\u00e4gliche Routen\",\"item\":\"https:\\\/\\\/termedimonticelli.it\\\/piscine-termali\\\/percorsi-giornalieri\\\/\"},{\"@type\":\"ListItem\",\"position\":4,\"name\":\"Pfad der Harmonie\"}]},{\"@type\":\"WebSite\",\"@id\":\"https:\\\/\\\/termedimonticelli.it\\\/de\\\/#website\",\"url\":\"https:\\\/\\\/termedimonticelli.it\\\/de\\\/\",\"name\":\"Terme di Monticelli\",\"description\":\"Terme di Monticelli\",\"potentialAction\":[{\"@type\":\"SearchAction\",\"target\":{\"@type\":\"EntryPoint\",\"urlTemplate\":\"https:\\\/\\\/termedimonticelli.it\\\/de\\\/?s={search_term_string}\"},\"query-input\":{\"@type\":\"PropertyValueSpecification\",\"valueRequired\":true,\"valueName\":\"search_term_string\"}}],\"inLanguage\":\"de\"}]}<\/script>\n<!-- \/ Yoast SEO plugin. -->","yoast_head_json":{"title":"Pfad der Harmonie - Terme di Monticelli","description":"T\u00e4glicher Eintritt ins Spa mit einem leichten Mittagessen im Restaurant La Veranda und Zugang zum 4000 m\u00b2 gro\u00dfen Wellnessbereich. Entdecken Sie die Preise!","robots":{"index":"index","follow":"follow","max-snippet":"max-snippet:-1","max-image-preview":"max-image-preview:large","max-video-preview":"max-video-preview:-1"},"canonical":"https:\/\/termedimonticelli.it\/de\/thermalbaeder\/taegliche-routen\/pfad-der-harmonie-2\/","og_locale":"de_DE","og_type":"article","og_title":"Pfad der Harmonie - Terme di Monticelli","og_description":"T\u00e4glicher Eintritt ins Spa mit einem leichten Mittagessen im Restaurant La Veranda und Zugang zum 4000 m\u00b2 gro\u00dfen Wellnessbereich. Entdecken Sie die Preise!","og_url":"https:\/\/termedimonticelli.it\/de\/thermalbaeder\/taegliche-routen\/pfad-der-harmonie-2\/","og_site_name":"Terme di Monticelli","article_publisher":"https:\/\/www.facebook.com\/TermeDiMonticelli\/","article_modified_time":"2024-12-19T11:45:05+00:00","og_image":[{"width":1800,"height":1200,"url":"https:\/\/termedimonticelli.it\/wp-content\/uploads\/2024\/05\/light-lunch-al-ristorante-la-veranda-terme-di-monticelli.jpg","type":"image\/jpeg"}],"twitter_card":"summary_large_image","twitter_misc":{"Gesch\u00e4tzte Lesezeit":"1\u00a0Minute"},"schema":{"@context":"https:\/\/schema.org","@graph":[{"@type":"WebPage","@id":"https:\/\/termedimonticelli.it\/de\/thermalbaeder\/taegliche-routen\/pfad-der-harmonie-2\/","url":"https:\/\/termedimonticelli.it\/de\/thermalbaeder\/taegliche-routen\/pfad-der-harmonie-2\/","name":"Pfad der Harmonie - Terme di Monticelli","isPartOf":{"@id":"https:\/\/termedimonticelli.it\/de\/#website"},"primaryImageOfPage":{"@id":"https:\/\/termedimonticelli.it\/de\/thermalbaeder\/taegliche-routen\/pfad-der-harmonie-2\/#primaryimage"},"image":{"@id":"https:\/\/termedimonticelli.it\/de\/thermalbaeder\/taegliche-routen\/pfad-der-harmonie-2\/#primaryimage"},"thumbnailUrl":"https:\/\/termedimonticelli.it\/wp-content\/uploads\/2024\/05\/piatto-di-anolini-al-ristorante-la-veranda-delle-terme-di-monticelli.jpg","datePublished":"2024-12-19T11:39:28+00:00","dateModified":"2024-12-19T11:45:05+00:00","description":"T\u00e4glicher Eintritt ins Spa mit einem leichten Mittagessen im Restaurant La Veranda und Zugang zum 4000 m\u00b2 gro\u00dfen Wellnessbereich. Entdecken Sie die Preise!","breadcrumb":{"@id":"https:\/\/termedimonticelli.it\/de\/thermalbaeder\/taegliche-routen\/pfad-der-harmonie-2\/#breadcrumb"},"inLanguage":"de","potentialAction":[{"@type":"ReadAction","target":["https:\/\/termedimonticelli.it\/de\/thermalbaeder\/taegliche-routen\/pfad-der-harmonie-2\/"]}]},{"@type":"ImageObject","inLanguage":"de","@id":"https:\/\/termedimonticelli.it\/de\/thermalbaeder\/taegliche-routen\/pfad-der-harmonie-2\/#primaryimage","url":"https:\/\/termedimonticelli.it\/wp-content\/uploads\/2024\/05\/piatto-di-anolini-al-ristorante-la-veranda-delle-terme-di-monticelli.jpg","contentUrl":"https:\/\/termedimonticelli.it\/wp-content\/uploads\/2024\/05\/piatto-di-anolini-al-ristorante-la-veranda-delle-terme-di-monticelli.jpg","width":1920,"height":1282},{"@type":"BreadcrumbList","@id":"https:\/\/termedimonticelli.it\/de\/thermalbaeder\/taegliche-routen\/pfad-der-harmonie-2\/#breadcrumb","itemListElement":[{"@type":"ListItem","position":1,"name":"Home","item":"https:\/\/termedimonticelli.it\/"},{"@type":"ListItem","position":2,"name":"Thermalb\u00e4der","item":"https:\/\/termedimonticelli.it\/piscine-termali\/"},{"@type":"ListItem","position":3,"name":"T\u00e4gliche Routen","item":"https:\/\/termedimonticelli.it\/piscine-termali\/percorsi-giornalieri\/"},{"@type":"ListItem","position":4,"name":"Pfad der Harmonie"}]},{"@type":"WebSite","@id":"https:\/\/termedimonticelli.it\/de\/#website","url":"https:\/\/termedimonticelli.it\/de\/","name":"Terme di Monticelli","description":"Terme di Monticelli","potentialAction":[{"@type":"SearchAction","target":{"@type":"EntryPoint","urlTemplate":"https:\/\/termedimonticelli.it\/de\/?s={search_term_string}"},"query-input":{"@type":"PropertyValueSpecification","valueRequired":true,"valueName":"search_term_string"}}],"inLanguage":"de"}]}},"jetpack_sharing_enabled":true,"_links":{"self":[{"href":"https:\/\/termedimonticelli.it\/de\/wp-json\/wp\/v2\/pages\/13106","targetHints":{"allow":["GET"]}}],"collection":[{"href":"https:\/\/termedimonticelli.it\/de\/wp-json\/wp\/v2\/pages"}],"about":[{"href":"https:\/\/termedimonticelli.it\/de\/wp-json\/wp\/v2\/types\/page"}],"author":[{"embeddable":true,"href":"https:\/\/termedimonticelli.it\/de\/wp-json\/wp\/v2\/users\/2"}],"replies":[{"embeddable":true,"href":"https:\/\/termedimonticelli.it\/de\/wp-json\/wp\/v2\/comments?post=13106"}],"version-history":[{"count":2,"href":"https:\/\/termedimonticelli.it\/de\/wp-json\/wp\/v2\/pages\/13106\/revisions"}],"predecessor-version":[{"id":13111,"href":"https:\/\/termedimonticelli.it\/de\/wp-json\/wp\/v2\/pages\/13106\/revisions\/13111"}],"up":[{"embeddable":true,"href":"https:\/\/termedimonticelli.it\/de\/wp-json\/wp\/v2\/pages\/10309"}],"wp:featuredmedia":[{"embeddable":true,"href":"https:\/\/termedimonticelli.it\/de\/wp-json\/wp\/v2\/media\/9134"}],"wp:attachment":[{"href":"https:\/\/termedimonticelli.it\/de\/wp-json\/wp\/v2\/media?parent=13106"}],"wp:term":[{"taxonomy":"category","embeddable":true,"href":"https:\/\/termedimonticelli.it\/de\/wp-json\/wp\/v2\/categories?post=13106"},{"taxonomy":"post_tag","embeddable":true,"href":"https:\/\/termedimonticelli.it\/de\/wp-json\/wp\/v2\/tags?post=13106"}],"curies":[{"name":"wp","href":"https:\/\/api.w.org\/{rel}","templated":true}]}}