{"id":14465,"date":"2025-05-02T16:10:18","date_gmt":"2025-05-02T14:10:18","guid":{"rendered":"https:\/\/termedimonticelli.it\/?page_id=14465"},"modified":"2025-05-05T10:29:34","modified_gmt":"2025-05-05T08:29:34","slug":"vor-der-schule-spa-behandlung-2","status":"publish","type":"page","link":"https:\/\/termedimonticelli.it\/de\/vor-der-schule-spa-behandlung-2\/","title":{"rendered":"Vor der Schule, Spa-Behandlung!"},"content":{"rendered":"\t\t<div data-elementor-type=\"wp-page\" data-elementor-id=\"14465\" class=\"elementor elementor-14465 elementor-14463\" data-elementor-post-type=\"page\">\n\t\t\t\t<div class=\"elementor-element elementor-element-0a335a9 e-flex e-con-boxed e-con e-parent\" data-id=\"0a335a9\" data-element_type=\"container\" data-e-type=\"container\" data-settings=\"{&quot;jet_parallax_layout_list&quot;:[]}\">\n\t\t\t\t\t<div class=\"e-con-inner\">\n\t\t\t\t<div class=\"elementor-element elementor-element-f96e7d4 elementor-widget elementor-widget-image\" data-id=\"f96e7d4\" data-element_type=\"widget\" data-e-type=\"widget\" data-widget_type=\"image.default\">\n\t\t\t\t<div class=\"elementor-widget-container\">\n\t\t\t\t\t\t\t\t\t\t\t\t\t\t\t<img fetchpriority=\"high\" decoding=\"async\" width=\"1920\" height=\"1280\" src=\"https:\/\/termedimonticelli.it\/wp-content\/uploads\/2024\/05\/medico-otorino-visita-bambina-alle-terme-di-monticelli.jpg\" class=\"attachment-full size-full wp-image-9022\" alt=\"\" srcset=\"https:\/\/termedimonticelli.it\/wp-content\/uploads\/2024\/05\/medico-otorino-visita-bambina-alle-terme-di-monticelli.jpg 1920w, https:\/\/termedimonticelli.it\/wp-content\/uploads\/2024\/05\/medico-otorino-visita-bambina-alle-terme-di-monticelli-600x400.jpg 600w, https:\/\/termedimonticelli.it\/wp-content\/uploads\/2024\/05\/medico-otorino-visita-bambina-alle-terme-di-monticelli-300x200.jpg 300w, https:\/\/termedimonticelli.it\/wp-content\/uploads\/2024\/05\/medico-otorino-visita-bambina-alle-terme-di-monticelli-1024x683.jpg 1024w, https:\/\/termedimonticelli.it\/wp-content\/uploads\/2024\/05\/medico-otorino-visita-bambina-alle-terme-di-monticelli-768x512.jpg 768w, https:\/\/termedimonticelli.it\/wp-content\/uploads\/2024\/05\/medico-otorino-visita-bambina-alle-terme-di-monticelli-1536x1024.jpg 1536w\" sizes=\"(max-width: 1920px) 100vw, 1920px\" \/>\t\t\t\t\t\t\t\t\t\t\t\t\t\t\t<\/div>\n\t\t\t\t<\/div>\n\t\t\t\t\t<\/div>\n\t\t\t\t<\/div>\n\t\t<div class=\"elementor-element elementor-element-101b9f0 e-flex e-con-boxed e-con e-parent\" data-id=\"101b9f0\" data-element_type=\"container\" data-e-type=\"container\" data-settings=\"{&quot;jet_parallax_layout_list&quot;:[]}\">\n\t\t\t\t\t<div class=\"e-con-inner\">\n\t\t\t\t<div class=\"elementor-element elementor-element-c0263ef elementor-widget elementor-widget-heading\" data-id=\"c0263ef\" data-element_type=\"widget\" data-e-type=\"widget\" data-widget_type=\"heading.default\">\n\t\t\t\t<div class=\"elementor-widget-container\">\n\t\t\t\t\t<h2 class=\"elementor-heading-title elementor-size-default\">VOR DER SCHULE, SPA-BEHANDLUNG!<\/h2>\t\t\t\t<\/div>\n\t\t\t\t<\/div>\n\t\t\t\t<div class=\"elementor-element elementor-element-f5c2d38 elementor-widget elementor-widget-heading\" data-id=\"f5c2d38\" data-element_type=\"widget\" data-e-type=\"widget\" data-widget_type=\"heading.default\">\n\t\t\t\t<div class=\"elementor-widget-container\">\n\t\t\t\t\t<h3 class=\"elementor-heading-title elementor-size-default\">F\u00fcr ein ges\u00fcnderes Baby und einen ruhigeren Winter<\/h3>\t\t\t\t<\/div>\n\t\t\t\t<\/div>\n\t\t\t\t\t<\/div>\n\t\t\t\t<\/div>\n\t\t<div class=\"elementor-element elementor-element-f52fe2d e-flex e-con-boxed e-con e-parent\" data-id=\"f52fe2d\" data-element_type=\"container\" data-e-type=\"container\" data-settings=\"{&quot;jet_parallax_layout_list&quot;:[]}\">\n\t\t\t\t\t<div class=\"e-con-inner\">\n\t\t\t\t<div class=\"elementor-element elementor-element-d9b304e elementor-widget elementor-widget-text-editor\" data-id=\"d9b304e\" data-element_type=\"widget\" data-e-type=\"widget\" data-widget_type=\"text-editor.default\">\n\t\t\t\t<div class=\"elementor-widget-container\">\n\t\t\t\t\t\t\t\t\t<div class=\"page\" title=\"Seite 1\">\n<div class=\"section\">\n<div class=\"layoutArea\">\n<div class=\"column\">\n<p>Das<strong>Salso-Brom-Jod-Wasser<\/strong> der Terme di Monticelli ist wertvoll f\u00fcr die <strong>Behandlung<\/strong> und <strong>Vorbeugung von<\/strong> chronischen Entz\u00fcndungen der Atemwege und der Ohren sowie von allergischen Erkrankungen bei Kindern, wie <strong>Sinusitis, Otitis, Bronchitis,<\/strong> <strong>Laryngitis<\/strong> und <strong>Pharyngitis.<\/strong><\/p>\n<p>Die Therapien sind nat\u00fcrlich, sehr wirksam und werden von allen Kindern gut vertragen. Sie wirken <strong>entz\u00fcndungshemmend<\/strong> und <strong>antikatarrhalisch<\/strong> und stimulieren die physiologischen Funktionen und Abwehrkr\u00e4fte des K\u00f6rpers, was sich unmittelbar positiv auf die Lebensqualit\u00e4t auswirkt.<\/p>\n<\/div>\n<\/div>\n<\/div>\n<\/div>\n\t\t\t\t\t\t\t\t<\/div>\n\t\t\t\t<\/div>\n\t\t\t\t\t<\/div>\n\t\t\t\t<\/div>\n\t\t<div class=\"elementor-element elementor-element-37da712 e-flex e-con-boxed e-con e-parent\" data-id=\"37da712\" data-element_type=\"container\" data-e-type=\"container\" data-settings=\"{&quot;jet_parallax_layout_list&quot;:[]}\">\n\t\t\t\t\t<div class=\"e-con-inner\">\n\t\t<div class=\"elementor-element elementor-element-5ec109c e-con-full e-flex e-con e-child\" data-id=\"5ec109c\" data-element_type=\"container\" data-e-type=\"container\" data-settings=\"{&quot;background_background&quot;:&quot;classic&quot;,&quot;jet_parallax_layout_list&quot;:[]}\">\n\t\t\t\t<div class=\"elementor-element elementor-element-84ff912 elementor-widget elementor-widget-heading\" data-id=\"84ff912\" data-element_type=\"widget\" data-e-type=\"widget\" data-widget_type=\"heading.default\">\n\t\t\t\t<div class=\"elementor-widget-container\">\n\t\t\t\t\t<h2 class=\"elementor-heading-title elementor-size-default\">Die Vorteile f\u00fcr Sie und Ihr Kind:<\/h2>\t\t\t\t<\/div>\n\t\t\t\t<\/div>\n\t\t\t\t<div class=\"elementor-element elementor-element-087b17c elementor-widget elementor-widget-text-editor\" data-id=\"087b17c\" data-element_type=\"widget\" data-e-type=\"widget\" data-widget_type=\"text-editor.default\">\n\t\t\t\t<div class=\"elementor-widget-container\">\n\t\t\t\t\t\t\t\t\t<p>Wasser ist Natur.<br \/>\nSpa-Therapien haben keine Nebenwirkungen oder Kontraindikationen, und ihre Wirksamkeit ist wissenschaftlich belegt.<br \/>\nSie reduzieren die Symptome und das Aufflackern der Krankheit und damit auch die Krankheitstage und Fehlzeiten in der Schule und verbessern den Schlaf.  <\/p>\n\t\t\t\t\t\t\t\t<\/div>\n\t\t\t\t<\/div>\n\t\t\t\t<div class=\"elementor-element elementor-element-c604475 elementor-widget elementor-widget-text-editor\" data-id=\"c604475\" data-element_type=\"widget\" data-e-type=\"widget\" data-widget_type=\"text-editor.default\">\n\t\t\t\t<div class=\"elementor-widget-container\">\n\t\t\t\t\t\t\t\t\t<p>Ein ges\u00fcnderes Kind ben\u00f6tigt weniger Arztbesuche und Kontrolluntersuchungen, was sich auch in einem geringeren Verbrauch und Kauf von Medikamenten und Antibiotika niederschl\u00e4gt.<\/p>\n\t\t\t\t\t\t\t\t<\/div>\n\t\t\t\t<\/div>\n\t\t\t\t<div class=\"elementor-element elementor-element-93124f7 elementor-widget elementor-widget-text-editor\" data-id=\"93124f7\" data-element_type=\"widget\" data-e-type=\"widget\" data-widget_type=\"text-editor.default\">\n\t\t\t\t<div class=\"elementor-widget-container\">\n\t\t\t\t\t\t\t\t\t<p data-start=\"1140\" data-end=\"1218\">\u00a0 \u00a0 \u00a0 \u00a03. <strong>Perch\u00e9 \u00e8 un\u2019opportunit\u00e0 di prevenzione, senza costi aggiuntivi<\/strong><\/p>\n<p class=\"\" data-start=\"1553\" data-end=\"1801\">La visita \u00e8 <strong data-start=\"1565\" data-end=\"1577\">gratuita<\/strong> e svolta da personale qualificato, con strumentazione affidabile e adatta ai bambini.<\/p>\n<p class=\"\" data-start=\"1553\" data-end=\"1801\">\u00c8 un\u2019occasione concreta per fare <strong data-start=\"1704\" data-end=\"1724\">prevenzione vera<\/strong>, in un contesto sereno, accogliente e dedicato al benessere dei pi\u00f9 piccoli.<\/p>\n\t\t\t\t\t\t\t\t<\/div>\n\t\t\t\t<\/div>\n\t\t\t\t<\/div>\n\t\t<div class=\"elementor-element elementor-element-028ddcd e-con-full e-flex e-con e-child\" data-id=\"028ddcd\" data-element_type=\"container\" data-e-type=\"container\" data-settings=\"{&quot;jet_parallax_layout_list&quot;:[],&quot;background_background&quot;:&quot;classic&quot;}\">\n\t\t\t\t<\/div>\n\t\t\t\t\t<\/div>\n\t\t\t\t<\/div>\n\t\t<div class=\"elementor-element elementor-element-02419a4 e-flex e-con-boxed e-con e-parent\" data-id=\"02419a4\" data-element_type=\"container\" data-e-type=\"container\" data-settings=\"{&quot;jet_parallax_layout_list&quot;:[]}\">\n\t\t\t\t\t<div class=\"e-con-inner\">\n\t\t\t\t<div class=\"elementor-element elementor-element-139f32c elementor-widget elementor-widget-image\" data-id=\"139f32c\" data-element_type=\"widget\" data-e-type=\"widget\" data-widget_type=\"image.default\">\n\t\t\t\t<div class=\"elementor-widget-container\">\n\t\t\t\t\t\t\t\t\t\t\t\t\t\t\t<img decoding=\"async\" width=\"91\" height=\"95\" src=\"https:\/\/termedimonticelli.it\/wp-content\/uploads\/2024\/08\/elementi-flyer-bimbi-04.png\" class=\"attachment-large size-large wp-image-11069\" alt=\"\" \/>\t\t\t\t\t\t\t\t\t\t\t\t\t\t\t<\/div>\n\t\t\t\t<\/div>\n\t\t\t\t<div class=\"elementor-element elementor-element-f9d9cc6 elementor-widget elementor-widget-heading\" data-id=\"f9d9cc6\" data-element_type=\"widget\" data-e-type=\"widget\" data-widget_type=\"heading.default\">\n\t\t\t\t<div class=\"elementor-widget-container\">\n\t\t\t\t\t<h2 class=\"elementor-heading-title elementor-size-default\">Parlane con il pediatra!<\/h2>\t\t\t\t<\/div>\n\t\t\t\t<\/div>\n\t\t\t\t\t<\/div>\n\t\t\t\t<\/div>\n\t\t<div class=\"elementor-element elementor-element-5466449 e-flex e-con-boxed e-con e-parent\" data-id=\"5466449\" data-element_type=\"container\" data-e-type=\"container\" data-settings=\"{&quot;jet_parallax_layout_list&quot;:[]}\">\n\t\t\t\t\t<div class=\"e-con-inner\">\n\t\t<div class=\"elementor-element elementor-element-f88c043 e-con-full e-flex e-con e-child\" data-id=\"f88c043\" data-element_type=\"container\" data-e-type=\"container\" data-settings=\"{&quot;jet_parallax_layout_list&quot;:[],&quot;background_background&quot;:&quot;classic&quot;}\">\n\t\t\t\t<\/div>\n\t\t<div class=\"elementor-element elementor-element-a4579b6 e-con-full e-flex e-con e-child\" data-id=\"a4579b6\" data-element_type=\"container\" data-e-type=\"container\" data-settings=\"{&quot;background_background&quot;:&quot;classic&quot;,&quot;jet_parallax_layout_list&quot;:[]}\">\n\t\t\t\t<div class=\"elementor-element elementor-element-014fe5e elementor-widget elementor-widget-heading\" data-id=\"014fe5e\" data-element_type=\"widget\" data-e-type=\"widget\" data-widget_type=\"heading.default\">\n\t\t\t\t<div class=\"elementor-widget-container\">\n\t\t\t\t\t<h2 class=\"elementor-heading-title elementor-size-default\">COME PARTECIPARE ALLO SCREENING<\/h2>\t\t\t\t<\/div>\n\t\t\t\t<\/div>\n\t\t\t\t<div class=\"elementor-element elementor-element-63ec474 elementor-widget elementor-widget-text-editor\" data-id=\"63ec474\" data-element_type=\"widget\" data-e-type=\"widget\" data-widget_type=\"text-editor.default\">\n\t\t\t\t<div class=\"elementor-widget-container\">\n\t\t\t\t\t\t\t\t\t<p><span style=\"font-family: 'Gochi Hand', Sans-serif; font-size: 25px;\">1)<\/span> <strong>Richiedi al pediatra la ricetta rossa<\/strong> <br \/>per effettuare un ciclo di cure termali inalatorie o per sordit\u00e0 rinogena, in convenzione con il SSN.<br \/><span style=\"font-family: 'Gochi Hand', Sans-serif; font-size: 25px;\">2)<\/span> <strong>Vieni alle terme e inizia le cure!<\/strong> <br \/>Il primo giorno, presentati agli ambulatori per la visita di ammissione con il medico termale e poi passa in accettazione per fissare l&#8216;<strong>esame audiologico gratuito, <\/strong>oltre che per le pratiche amministrative e il ritiro della tessera che ti consentir\u00e0 di accedere ai reparti.<\/p>\n\t\t\t\t\t\t\t\t<\/div>\n\t\t\t\t<\/div>\n\t\t\t\t<\/div>\n\t\t\t\t\t<\/div>\n\t\t\t\t<\/div>\n\t\t<div class=\"elementor-element elementor-element-d93a4de e-flex e-con-boxed e-con e-parent\" data-id=\"d93a4de\" data-element_type=\"container\" data-e-type=\"container\" data-settings=\"{&quot;jet_parallax_layout_list&quot;:[]}\">\n\t\t\t\t\t<div class=\"e-con-inner\">\n\t\t<div class=\"elementor-element elementor-element-081e036 e-flex e-con-boxed e-con e-child\" data-id=\"081e036\" data-element_type=\"container\" data-e-type=\"container\" data-settings=\"{&quot;background_background&quot;:&quot;classic&quot;,&quot;jet_parallax_layout_list&quot;:[]}\">\n\t\t\t\t\t<div class=\"e-con-inner\">\n\t\t\t\t<div class=\"elementor-element elementor-element-97594ca elementor-widget elementor-widget-heading\" data-id=\"97594ca\" data-element_type=\"widget\" data-e-type=\"widget\" data-widget_type=\"heading.default\">\n\t\t\t\t<div class=\"elementor-widget-container\">\n\t\t\t\t\t<h2 class=\"elementor-heading-title elementor-size-default\">WUSSTEN SIE, DASS...<\/h2>\t\t\t\t<\/div>\n\t\t\t\t<\/div>\n\t\t\t\t<div class=\"elementor-element elementor-element-65fa1e4 elementor-widget elementor-widget-text-editor\" data-id=\"65fa1e4\" data-element_type=\"widget\" data-e-type=\"widget\" data-widget_type=\"text-editor.default\">\n\t\t\t\t<div class=\"elementor-widget-container\">\n\t\t\t\t\t\t\t\t\t<div class=\"page\" title=\"Seite 1\">\n<div class=\"section\">\n<div class=\"layoutArea\">\n<div class=\"column\">\n<p>Der Nationale Gesundheitsdienst glaubt an den therapeutischen Nutzen von Thermalkuren und bietet allen Kindern und Erwachsenen eine Kur pro Jahr an, mit einer \u00e4rztlichen Eingangsuntersuchung und 2 Sitzungen pro Tag f\u00fcr 12 Tage.<br \/>\nFragen Sie nach einem roten Rezept f\u00fcr Thermalkuren! <\/p>\n<p><strong>Dauer der Behandlung<\/strong><\/p>\n<p>30 Minuten pro Tag f\u00fcr 12 Tage<\/p>\n<\/div>\n<\/div>\n<\/div>\n<\/div>\n\t\t\t\t\t\t\t\t<\/div>\n\t\t\t\t<\/div>\n\t\t\t\t\t<\/div>\n\t\t\t\t<\/div>\n\t\t\t\t\t<\/div>\n\t\t\t\t<\/div>\n\t\t<div class=\"elementor-element elementor-element-4c1f55d e-flex e-con-boxed e-con e-parent\" data-id=\"4c1f55d\" data-element_type=\"container\" data-e-type=\"container\" data-settings=\"{&quot;jet_parallax_layout_list&quot;:[]}\">\n\t\t\t\t\t<div class=\"e-con-inner\">\n\t\t\t\t<div class=\"elementor-element elementor-element-4741a28 elementor-align-center elementor-widget elementor-widget-button\" data-id=\"4741a28\" data-element_type=\"widget\" data-e-type=\"widget\" data-widget_type=\"button.default\">\n\t\t\t\t<div class=\"elementor-widget-container\">\n\t\t\t\t\t\t\t\t\t<div class=\"elementor-button-wrapper\">\n\t\t\t\t\t<a class=\"elementor-button elementor-button-link elementor-size-sm\" href=\"#elementor-action%3Aaction%3Dpopup%3Aopen%26settings%3DeyJpZCI6MTAzNjMsInRvZ2dsZSI6ZmFsc2V9\">\n\t\t\t\t\t\t<span class=\"elementor-button-content-wrapper\">\n\t\t\t\t\t\t\t\t\t<span class=\"elementor-button-text\">CHIEDI MAGGIORI INFORMAZIONI<\/span>\n\t\t\t\t\t<\/span>\n\t\t\t\t\t<\/a>\n\t\t\t\t<\/div>\n\t\t\t\t\t\t\t\t<\/div>\n\t\t\t\t<\/div>\n\t\t\t\t\t<\/div>\n\t\t\t\t<\/div>\n\t\t\t\t<\/div>\n\t\t","protected":false},"excerpt":{"rendered":"<p>VOR DER SCHULE, SPA-BEHANDLUNG! F\u00fcr ein ges\u00fcnderes Baby und einen ruhigeren Winter DasSalso-Brom-Jod-Wasser der Terme di Monticelli ist wertvoll f\u00fcr die Behandlung und Vorbeugung von chronischen Entz\u00fcndungen der Atemwege und der Ohren sowie von allergischen Erkrankungen bei Kindern, wie Sinusitis, Otitis, Bronchitis, Laryngitis und Pharyngitis. Die Therapien sind nat\u00fcrlich, sehr wirksam und werden von allen [&hellip;]<\/p>\n","protected":false},"author":2,"featured_media":0,"parent":0,"menu_order":0,"comment_status":"closed","ping_status":"closed","template":"elementor_header_footer","meta":{"_acf_changed":false,"inline_featured_image":false,"footnotes":""},"categories":[],"tags":[],"class_list":["post-14465","page","type-page","status-publish","hentry"],"acf":[],"yoast_head":"<!-- This site is optimized with the Yoast SEO plugin v27.3 - https:\/\/yoast.com\/product\/yoast-seo-wordpress\/ -->\n<title>Vor der Schule, Spa-Behandlung! - Terme di Monticelli<\/title>\n<meta name=\"robots\" content=\"index, follow, max-snippet:-1, max-image-preview:large, max-video-preview:-1\" \/>\n<link rel=\"canonical\" href=\"https:\/\/termedimonticelli.it\/de\/vor-der-schule-spa-behandlung-2\/\" \/>\n<meta property=\"og:locale\" content=\"de_DE\" \/>\n<meta property=\"og:type\" content=\"article\" \/>\n<meta property=\"og:title\" content=\"Vor der Schule, Spa-Behandlung! - Terme di Monticelli\" \/>\n<meta property=\"og:description\" content=\"VOR DER SCHULE, SPA-BEHANDLUNG! F\u00fcr ein ges\u00fcnderes Baby und einen ruhigeren Winter DasSalso-Brom-Jod-Wasser der Terme di Monticelli ist wertvoll f\u00fcr die Behandlung und Vorbeugung von chronischen Entz\u00fcndungen der Atemwege und der Ohren sowie von allergischen Erkrankungen bei Kindern, wie Sinusitis, Otitis, Bronchitis, Laryngitis und Pharyngitis. Die Therapien sind nat\u00fcrlich, sehr wirksam und werden von allen [&hellip;]\" \/>\n<meta property=\"og:url\" content=\"https:\/\/termedimonticelli.it\/de\/vor-der-schule-spa-behandlung-2\/\" \/>\n<meta property=\"og:site_name\" content=\"Terme di Monticelli\" \/>\n<meta property=\"article:publisher\" content=\"https:\/\/www.facebook.com\/TermeDiMonticelli\/\" \/>\n<meta property=\"article:modified_time\" content=\"2025-05-05T08:29:34+00:00\" \/>\n<meta property=\"og:image\" content=\"https:\/\/termedimonticelli.it\/wp-content\/uploads\/2024\/05\/medico-otorino-visita-bambina-alle-terme-di-monticelli.jpg\" \/>\n\t<meta property=\"og:image:width\" content=\"1920\" \/>\n\t<meta property=\"og:image:height\" content=\"1280\" \/>\n\t<meta property=\"og:image:type\" content=\"image\/jpeg\" \/>\n<meta name=\"twitter:card\" content=\"summary_large_image\" \/>\n<meta name=\"twitter:label1\" content=\"Gesch\u00e4tzte Lesezeit\" \/>\n\t<meta name=\"twitter:data1\" content=\"2\u00a0Minuten\" \/>\n<script type=\"application\/ld+json\" class=\"yoast-schema-graph\">{\"@context\":\"https:\\\/\\\/schema.org\",\"@graph\":[{\"@type\":\"WebPage\",\"@id\":\"https:\\\/\\\/termedimonticelli.it\\\/de\\\/vor-der-schule-spa-behandlung-2\\\/\",\"url\":\"https:\\\/\\\/termedimonticelli.it\\\/de\\\/vor-der-schule-spa-behandlung-2\\\/\",\"name\":\"Vor der Schule, Spa-Behandlung! - Terme di Monticelli\",\"isPartOf\":{\"@id\":\"https:\\\/\\\/termedimonticelli.it\\\/de\\\/#website\"},\"primaryImageOfPage\":{\"@id\":\"https:\\\/\\\/termedimonticelli.it\\\/de\\\/vor-der-schule-spa-behandlung-2\\\/#primaryimage\"},\"image\":{\"@id\":\"https:\\\/\\\/termedimonticelli.it\\\/de\\\/vor-der-schule-spa-behandlung-2\\\/#primaryimage\"},\"thumbnailUrl\":\"https:\\\/\\\/termedimonticelli.it\\\/wp-content\\\/uploads\\\/2024\\\/05\\\/medico-otorino-visita-bambina-alle-terme-di-monticelli.jpg\",\"datePublished\":\"2025-05-02T14:10:18+00:00\",\"dateModified\":\"2025-05-05T08:29:34+00:00\",\"breadcrumb\":{\"@id\":\"https:\\\/\\\/termedimonticelli.it\\\/de\\\/vor-der-schule-spa-behandlung-2\\\/#breadcrumb\"},\"inLanguage\":\"de\",\"potentialAction\":[{\"@type\":\"ReadAction\",\"target\":[\"https:\\\/\\\/termedimonticelli.it\\\/de\\\/vor-der-schule-spa-behandlung-2\\\/\"]}]},{\"@type\":\"ImageObject\",\"inLanguage\":\"de\",\"@id\":\"https:\\\/\\\/termedimonticelli.it\\\/de\\\/vor-der-schule-spa-behandlung-2\\\/#primaryimage\",\"url\":\"https:\\\/\\\/termedimonticelli.it\\\/wp-content\\\/uploads\\\/2024\\\/05\\\/medico-otorino-visita-bambina-alle-terme-di-monticelli.jpg\",\"contentUrl\":\"https:\\\/\\\/termedimonticelli.it\\\/wp-content\\\/uploads\\\/2024\\\/05\\\/medico-otorino-visita-bambina-alle-terme-di-monticelli.jpg\"},{\"@type\":\"BreadcrumbList\",\"@id\":\"https:\\\/\\\/termedimonticelli.it\\\/de\\\/vor-der-schule-spa-behandlung-2\\\/#breadcrumb\",\"itemListElement\":[{\"@type\":\"ListItem\",\"position\":1,\"name\":\"Home\",\"item\":\"https:\\\/\\\/termedimonticelli.it\\\/\"},{\"@type\":\"ListItem\",\"position\":2,\"name\":\"Vor der Schule, Spa-Behandlung!\"}]},{\"@type\":\"WebSite\",\"@id\":\"https:\\\/\\\/termedimonticelli.it\\\/de\\\/#website\",\"url\":\"https:\\\/\\\/termedimonticelli.it\\\/de\\\/\",\"name\":\"Terme di Monticelli\",\"description\":\"Terme di Monticelli\",\"potentialAction\":[{\"@type\":\"SearchAction\",\"target\":{\"@type\":\"EntryPoint\",\"urlTemplate\":\"https:\\\/\\\/termedimonticelli.it\\\/de\\\/?s={search_term_string}\"},\"query-input\":{\"@type\":\"PropertyValueSpecification\",\"valueRequired\":true,\"valueName\":\"search_term_string\"}}],\"inLanguage\":\"de\"}]}<\/script>\n<!-- \/ Yoast SEO plugin. -->","yoast_head_json":{"title":"Vor der Schule, Spa-Behandlung! - Terme di Monticelli","robots":{"index":"index","follow":"follow","max-snippet":"max-snippet:-1","max-image-preview":"max-image-preview:large","max-video-preview":"max-video-preview:-1"},"canonical":"https:\/\/termedimonticelli.it\/de\/vor-der-schule-spa-behandlung-2\/","og_locale":"de_DE","og_type":"article","og_title":"Vor der Schule, Spa-Behandlung! - Terme di Monticelli","og_description":"VOR DER SCHULE, SPA-BEHANDLUNG! F\u00fcr ein ges\u00fcnderes Baby und einen ruhigeren Winter DasSalso-Brom-Jod-Wasser der Terme di Monticelli ist wertvoll f\u00fcr die Behandlung und Vorbeugung von chronischen Entz\u00fcndungen der Atemwege und der Ohren sowie von allergischen Erkrankungen bei Kindern, wie Sinusitis, Otitis, Bronchitis, Laryngitis und Pharyngitis. Die Therapien sind nat\u00fcrlich, sehr wirksam und werden von allen [&hellip;]","og_url":"https:\/\/termedimonticelli.it\/de\/vor-der-schule-spa-behandlung-2\/","og_site_name":"Terme di Monticelli","article_publisher":"https:\/\/www.facebook.com\/TermeDiMonticelli\/","article_modified_time":"2025-05-05T08:29:34+00:00","og_image":[{"width":1920,"height":1280,"url":"https:\/\/termedimonticelli.it\/wp-content\/uploads\/2024\/05\/medico-otorino-visita-bambina-alle-terme-di-monticelli.jpg","type":"image\/jpeg"}],"twitter_card":"summary_large_image","twitter_misc":{"Gesch\u00e4tzte Lesezeit":"2\u00a0Minuten"},"schema":{"@context":"https:\/\/schema.org","@graph":[{"@type":"WebPage","@id":"https:\/\/termedimonticelli.it\/de\/vor-der-schule-spa-behandlung-2\/","url":"https:\/\/termedimonticelli.it\/de\/vor-der-schule-spa-behandlung-2\/","name":"Vor der Schule, Spa-Behandlung! - Terme di Monticelli","isPartOf":{"@id":"https:\/\/termedimonticelli.it\/de\/#website"},"primaryImageOfPage":{"@id":"https:\/\/termedimonticelli.it\/de\/vor-der-schule-spa-behandlung-2\/#primaryimage"},"image":{"@id":"https:\/\/termedimonticelli.it\/de\/vor-der-schule-spa-behandlung-2\/#primaryimage"},"thumbnailUrl":"https:\/\/termedimonticelli.it\/wp-content\/uploads\/2024\/05\/medico-otorino-visita-bambina-alle-terme-di-monticelli.jpg","datePublished":"2025-05-02T14:10:18+00:00","dateModified":"2025-05-05T08:29:34+00:00","breadcrumb":{"@id":"https:\/\/termedimonticelli.it\/de\/vor-der-schule-spa-behandlung-2\/#breadcrumb"},"inLanguage":"de","potentialAction":[{"@type":"ReadAction","target":["https:\/\/termedimonticelli.it\/de\/vor-der-schule-spa-behandlung-2\/"]}]},{"@type":"ImageObject","inLanguage":"de","@id":"https:\/\/termedimonticelli.it\/de\/vor-der-schule-spa-behandlung-2\/#primaryimage","url":"https:\/\/termedimonticelli.it\/wp-content\/uploads\/2024\/05\/medico-otorino-visita-bambina-alle-terme-di-monticelli.jpg","contentUrl":"https:\/\/termedimonticelli.it\/wp-content\/uploads\/2024\/05\/medico-otorino-visita-bambina-alle-terme-di-monticelli.jpg"},{"@type":"BreadcrumbList","@id":"https:\/\/termedimonticelli.it\/de\/vor-der-schule-spa-behandlung-2\/#breadcrumb","itemListElement":[{"@type":"ListItem","position":1,"name":"Home","item":"https:\/\/termedimonticelli.it\/"},{"@type":"ListItem","position":2,"name":"Vor der Schule, Spa-Behandlung!"}]},{"@type":"WebSite","@id":"https:\/\/termedimonticelli.it\/de\/#website","url":"https:\/\/termedimonticelli.it\/de\/","name":"Terme di Monticelli","description":"Terme di Monticelli","potentialAction":[{"@type":"SearchAction","target":{"@type":"EntryPoint","urlTemplate":"https:\/\/termedimonticelli.it\/de\/?s={search_term_string}"},"query-input":{"@type":"PropertyValueSpecification","valueRequired":true,"valueName":"search_term_string"}}],"inLanguage":"de"}]}},"jetpack_sharing_enabled":true,"_links":{"self":[{"href":"https:\/\/termedimonticelli.it\/de\/wp-json\/wp\/v2\/pages\/14465","targetHints":{"allow":["GET"]}}],"collection":[{"href":"https:\/\/termedimonticelli.it\/de\/wp-json\/wp\/v2\/pages"}],"about":[{"href":"https:\/\/termedimonticelli.it\/de\/wp-json\/wp\/v2\/types\/page"}],"author":[{"embeddable":true,"href":"https:\/\/termedimonticelli.it\/de\/wp-json\/wp\/v2\/users\/2"}],"replies":[{"embeddable":true,"href":"https:\/\/termedimonticelli.it\/de\/wp-json\/wp\/v2\/comments?post=14465"}],"version-history":[{"count":6,"href":"https:\/\/termedimonticelli.it\/de\/wp-json\/wp\/v2\/pages\/14465\/revisions"}],"predecessor-version":[{"id":14634,"href":"https:\/\/termedimonticelli.it\/de\/wp-json\/wp\/v2\/pages\/14465\/revisions\/14634"}],"wp:attachment":[{"href":"https:\/\/termedimonticelli.it\/de\/wp-json\/wp\/v2\/media?parent=14465"}],"wp:term":[{"taxonomy":"category","embeddable":true,"href":"https:\/\/termedimonticelli.it\/de\/wp-json\/wp\/v2\/categories?post=14465"},{"taxonomy":"post_tag","embeddable":true,"href":"https:\/\/termedimonticelli.it\/de\/wp-json\/wp\/v2\/tags?post=14465"}],"curies":[{"name":"wp","href":"https:\/\/api.w.org\/{rel}","templated":true}]}}